{"id":1007,"date":"2025-09-16T08:48:52","date_gmt":"2025-09-16T08:48:52","guid":{"rendered":"https:\/\/tpsonpower.com\/?page_id=1007"},"modified":"2025-09-16T11:19:27","modified_gmt":"2025-09-16T11:19:27","slug":"hapow","status":"publish","type":"page","link":"https:\/\/tpsonpower.com\/tr\/hapow\/","title":{"rendered":"HAPOW"},"content":{"rendered":"<div data-elementor-type=\"wp-page\" data-elementor-id=\"1007\" class=\"elementor elementor-1007\" data-elementor-post-type=\"page\">\n\t\t\t\t\t\t<section class=\"elementor-section elementor-top-section elementor-element elementor-element-5dbe22f elementor-section-content-middle elementor-section-boxed elementor-section-height-default elementor-section-height-default\" data-id=\"5dbe22f\" data-element_type=\"section\" data-e-type=\"section\">\n\t\t\t\t\t\t<div class=\"elementor-container elementor-column-gap-default\">\n\t\t\t\t\t<div class=\"elementor-column elementor-col-50 elementor-top-column elementor-element elementor-element-1f04c64\" data-id=\"1f04c64\" data-element_type=\"column\" data-e-type=\"column\" data-settings=\"{&quot;background_background&quot;:&quot;classic&quot;}\">\n\t\t\t<div class=\"elementor-widget-wrap elementor-element-populated\">\n\t\t\t\t\t\t<div class=\"elementor-element elementor-element-7588506 elementor-widget elementor-widget-image\" data-id=\"7588506\" data-element_type=\"widget\" data-e-type=\"widget\" data-widget_type=\"image.default\">\n\t\t\t\t\t\t\t\t\t\t\t\t\t\t\t<img fetchpriority=\"high\" decoding=\"async\" width=\"800\" height=\"800\" src=\"https:\/\/tpsonpower.com\/wp-content\/uploads\/2025\/09\/\u5fae\u4fe1\u56fe\u7247_20250802211940-1024x1024.jpg\" class=\"attachment-large size-large wp-image-1014\" alt=\"\" srcset=\"https:\/\/tpsonpower.com\/wp-content\/uploads\/2025\/09\/\u5fae\u4fe1\u56fe\u7247_20250802211940-1024x1024.jpg 1024w, https:\/\/tpsonpower.com\/wp-content\/uploads\/2025\/09\/\u5fae\u4fe1\u56fe\u7247_20250802211940-300x300.jpg 300w, https:\/\/tpsonpower.com\/wp-content\/uploads\/2025\/09\/\u5fae\u4fe1\u56fe\u7247_20250802211940-150x150.jpg 150w, https:\/\/tpsonpower.com\/wp-content\/uploads\/2025\/09\/\u5fae\u4fe1\u56fe\u7247_20250802211940-768x768.jpg 768w, https:\/\/tpsonpower.com\/wp-content\/uploads\/2025\/09\/\u5fae\u4fe1\u56fe\u7247_20250802211940.jpg 1500w\" sizes=\"(max-width: 800px) 100vw, 800px\" title=\"\">\t\t\t\t\t\t\t\t\t\t\t\t\t\t\t<\/div>\n\t\t\t\t<div class=\"elementor-element elementor-element-b3e95bb elementor-widget elementor-widget-gallery\" data-id=\"b3e95bb\" data-element_type=\"widget\" data-e-type=\"widget\" data-settings=\"{&quot;columns_mobile&quot;:4,&quot;aspect_ratio&quot;:&quot;1:1&quot;,&quot;lazyload&quot;:&quot;yes&quot;,&quot;gallery_layout&quot;:&quot;grid&quot;,&quot;columns&quot;:4,&quot;columns_tablet&quot;:2,&quot;gap&quot;:{&quot;unit&quot;:&quot;px&quot;,&quot;size&quot;:10,&quot;sizes&quot;:[]},&quot;gap_tablet&quot;:{&quot;unit&quot;:&quot;px&quot;,&quot;size&quot;:10,&quot;sizes&quot;:[]},&quot;gap_mobile&quot;:{&quot;unit&quot;:&quot;px&quot;,&quot;size&quot;:10,&quot;sizes&quot;:[]},&quot;link_to&quot;:&quot;file&quot;,&quot;overlay_background&quot;:&quot;yes&quot;,&quot;content_hover_animation&quot;:&quot;fade-in&quot;}\" data-widget_type=\"gallery.default\">\n\t\t\t\t\t\t\t<div class=\"elementor-gallery__container\">\n\t\t\t\t\t\t\t<a class=\"e-gallery-item elementor-gallery-item elementor-animated-content\" href=\"https:\/\/tpsonpower.com\/wp-content\/uploads\/2025\/09\/\u5fae\u4fe1\u56fe\u7247_20250802211942.jpg\" data-elementor-open-lightbox=\"yes\" data-elementor-lightbox-slideshow=\"b3e95bb\" data-elementor-lightbox-title=\"\u5fae\u4fe1\u56fe\u7247_20250802211942\" data-e-action-hash=\"#elementor-action%3Aaction%3Dlightbox%26settings%3DeyJpZCI6MTAxNSwidXJsIjoiaHR0cHM6XC9cL3Rwc29ucG93ZXIuY29tXC93cC1jb250ZW50XC91cGxvYWRzXC8yMDI1XC8wOVwvXHU1ZmFlXHU0ZmUxXHU1NmZlXHU3MjQ3XzIwMjUwODAyMjExOTQyLmpwZyIsInNsaWRlc2hvdyI6ImIzZTk1YmIifQ%3D%3D\">\n\t\t\t\t\t<div class=\"e-gallery-image elementor-gallery-item__image\" data-thumbnail=\"https:\/\/tpsonpower.com\/wp-content\/uploads\/2025\/09\/\u5fae\u4fe1\u56fe\u7247_20250802211942-300x300.jpg\" data-width=\"300\" data-height=\"300\" aria-label=\"\" role=\"img\" ><\/div>\n\t\t\t\t\t\t\t\t\t\t\t<div class=\"elementor-gallery-item__overlay\"><\/div>\n\t\t\t\t\t\t\t\t\t\t\t\t\t\t<\/a>\n\t\t\t\t\t\t\t<a class=\"e-gallery-item elementor-gallery-item elementor-animated-content\" href=\"https:\/\/tpsonpower.com\/wp-content\/uploads\/2025\/09\/\u5fae\u4fe1\u56fe\u7247_20250802211943.jpg\" data-elementor-open-lightbox=\"yes\" data-elementor-lightbox-slideshow=\"b3e95bb\" data-elementor-lightbox-title=\"\u5fae\u4fe1\u56fe\u7247_20250802211943\" data-e-action-hash=\"#elementor-action%3Aaction%3Dlightbox%26settings%3DeyJpZCI6MTAxNiwidXJsIjoiaHR0cHM6XC9cL3Rwc29ucG93ZXIuY29tXC93cC1jb250ZW50XC91cGxvYWRzXC8yMDI1XC8wOVwvXHU1ZmFlXHU0ZmUxXHU1NmZlXHU3MjQ3XzIwMjUwODAyMjExOTQzLmpwZyIsInNsaWRlc2hvdyI6ImIzZTk1YmIifQ%3D%3D\">\n\t\t\t\t\t<div class=\"e-gallery-image elementor-gallery-item__image\" data-thumbnail=\"https:\/\/tpsonpower.com\/wp-content\/uploads\/2025\/09\/\u5fae\u4fe1\u56fe\u7247_20250802211943-300x300.jpg\" data-width=\"300\" data-height=\"300\" aria-label=\"\" role=\"img\" ><\/div>\n\t\t\t\t\t\t\t\t\t\t\t<div class=\"elementor-gallery-item__overlay\"><\/div>\n\t\t\t\t\t\t\t\t\t\t\t\t\t\t<\/a>\n\t\t\t\t\t\t\t<a class=\"e-gallery-item elementor-gallery-item elementor-animated-content\" href=\"https:\/\/tpsonpower.com\/wp-content\/uploads\/2025\/09\/\u5fae\u4fe1\u56fe\u7247_20250802211944.jpg\" data-elementor-open-lightbox=\"yes\" data-elementor-lightbox-slideshow=\"b3e95bb\" data-elementor-lightbox-title=\"\u5fae\u4fe1\u56fe\u7247_20250802211944\" data-e-action-hash=\"#elementor-action%3Aaction%3Dlightbox%26settings%3DeyJpZCI6MTAxNywidXJsIjoiaHR0cHM6XC9cL3Rwc29ucG93ZXIuY29tXC93cC1jb250ZW50XC91cGxvYWRzXC8yMDI1XC8wOVwvXHU1ZmFlXHU0ZmUxXHU1NmZlXHU3MjQ3XzIwMjUwODAyMjExOTQ0LmpwZyIsInNsaWRlc2hvdyI6ImIzZTk1YmIifQ%3D%3D\">\n\t\t\t\t\t<div class=\"e-gallery-image elementor-gallery-item__image\" data-thumbnail=\"https:\/\/tpsonpower.com\/wp-content\/uploads\/2025\/09\/\u5fae\u4fe1\u56fe\u7247_20250802211944-300x300.jpg\" data-width=\"300\" data-height=\"300\" aria-label=\"\" role=\"img\" ><\/div>\n\t\t\t\t\t\t\t\t\t\t\t<div class=\"elementor-gallery-item__overlay\"><\/div>\n\t\t\t\t\t\t\t\t\t\t\t\t\t\t<\/a>\n\t\t\t\t\t<\/div>\n\t\t\t\t\t<\/div>\n\t\t\t\t\t<\/div>\n\t\t<\/div>\n\t\t\t\t<div class=\"elementor-column elementor-col-50 elementor-top-column elementor-element elementor-element-a4239ec\" data-id=\"a4239ec\" data-element_type=\"column\" data-e-type=\"column\">\n\t\t\t<div class=\"elementor-widget-wrap elementor-element-populated\">\n\t\t\t\t\t\t<div class=\"elementor-element elementor-element-83459d2 elementor-widget elementor-widget-heading\" data-id=\"83459d2\" data-element_type=\"widget\" data-e-type=\"widget\" data-widget_type=\"heading.default\">\n\t\t\t\t\t<h3 class=\"elementor-heading-title elementor-size-default\">HAPOW \u015farj cihaz\u0131<\/h3>\t\t\t\t<\/div>\n\t\t\t\t<div class=\"elementor-element elementor-element-c93999d elementor-widget elementor-widget-text-editor\" data-id=\"c93999d\" data-element_type=\"widget\" data-e-type=\"widget\" data-widget_type=\"text-editor.default\">\n\t\t\t\t\t\t\t\t\t<p>Elektrikli arac\u0131n\u0131z\u0131 \u015farj etmek i\u00e7in g\u00fcvenilir ve verimli bir \u00e7\u00f6z\u00fcm olan HAPOW Elektrikli Ara\u00e7 (EV) \u015earj Kablosu ile tan\u0131\u015f\u0131n. Bu y\u00fcksek kaliteli kablo, elektrikli ara\u00e7 sahiplerinin zorlu ihtiya\u00e7lar\u0131n\u0131 kar\u015f\u0131lamak i\u00e7in tasarlanm\u0131\u015ft\u0131r ve g\u00fcvenli ve sorunsuz bir \u015farj deneyimi sa\u011flar.<\/p><p>HAPOW EV \u015farj kablosu, \u00e7e\u015fitli hava ko\u015fullar\u0131na ve s\u0131k kullan\u0131ma dayanabilen dayan\u0131kl\u0131 siyah kablo ile sa\u011flam bir yap\u0131ya sahiptir. Konekt\u00f6r, kolay kullan\u0131m ve arac\u0131n\u0131z\u0131n \u015farj portuna g\u00fcvenli ba\u011flant\u0131 i\u00e7in ergonomik olarak tasarlanm\u0131\u015ft\u0131r. Bir\u00e7ok elektrikli ara\u00e7ta yayg\u0131n olarak kullan\u0131lan Tip 2 konekt\u00f6rleri destekleyerek \u00e7ok \u00e7e\u015fitli modellerle uyumlu hale getirir.<\/p><p>\u00a0<\/p>\t\t\t\t\t\t\t\t<\/div>\n\t\t\t\t\t<\/div>\n\t\t<\/div>\n\t\t\t\t\t<\/div>\n\t\t<\/section>\n\t\t<div class=\"elementor-element elementor-element-fff5e7d e-flex e-con-boxed e-con e-parent\" data-id=\"fff5e7d\" data-element_type=\"container\" data-e-type=\"container\">\n\t\t\t\t\t<div class=\"e-con-inner\">\n\t\t<div class=\"elementor-element elementor-element-3b9bdd8 e-con-full e-flex e-con e-child\" data-id=\"3b9bdd8\" data-element_type=\"container\" data-e-type=\"container\">\n\t\t<div class=\"elementor-element elementor-element-7791e96 e-con-full e-flex e-con e-child\" data-id=\"7791e96\" data-element_type=\"container\" data-e-type=\"container\">\n\t\t\t\t<div class=\"elementor-element elementor-element-e4b7195 elementor-widget elementor-widget-heading\" data-id=\"e4b7195\" data-element_type=\"widget\" data-e-type=\"widget\" data-widget_type=\"heading.default\">\n\t\t\t\t\t<h4 class=\"elementor-heading-title elementor-size-default\">HAPOW \u015earj Cihaz\u0131<\/h4>\t\t\t\t<\/div>\n\t\t\t\t<div class=\"elementor-element elementor-element-0704872 elementor-widget elementor-widget-text-editor\" data-id=\"0704872\" data-element_type=\"widget\" data-e-type=\"widget\" data-widget_type=\"text-editor.default\">\n\t\t\t\t\t\t\t\t\t<p>CE, RoHS, FC ve UKCA standartlar\u0131yla sertifikaland\u0131r\u0131lan bu \u00fcr\u00fcn, uluslararas\u0131 g\u00fcvenlik ve \u00e7evre d\u00fczenlemelerini kar\u015f\u0131layarak g\u00fcvenilirli\u011fini ve performans\u0131n\u0131 garanti eder. Kablo ayr\u0131ca a\u015f\u0131r\u0131 \u0131s\u0131nmay\u0131 \u00f6nlemek ve g\u00fcvenli bir \u015farj i\u015flemi sa\u011flamak i\u00e7in a\u015f\u0131r\u0131 ak\u0131m korumas\u0131 ve s\u0131cakl\u0131k izleme gibi geli\u015fmi\u015f g\u00fcvenlik \u00f6zellikleri i\u00e7erir<\/p>\t\t\t\t\t\t\t\t<\/div>\n\t\t\t\t<div class=\"elementor-element elementor-element-e81a621 elementor-widget elementor-widget-heading\" data-id=\"e81a621\" data-element_type=\"widget\" data-e-type=\"widget\" data-widget_type=\"heading.default\">\n\t\t\t\t\t<h4 class=\"elementor-heading-title elementor-size-default\">T\u00fcm S\u00fcr\u00fcmlerde Temel \u00d6zellikler<\/h4>\t\t\t\t<\/div>\n\t\t\t\t<div class=\"elementor-element elementor-element-41254f5 elementor-widget elementor-widget-text-editor\" data-id=\"41254f5\" data-element_type=\"widget\" data-e-type=\"widget\" data-widget_type=\"text-editor.default\">\n\t\t\t\t\t\t\t\t\t<p>\u0130ster evde ister hareket halinde olun, HAPOW EV \u015farj kablosu, elektrikli arac\u0131n\u0131z\u0131 \u00e7al\u0131\u015f\u0131r durumda ve yola haz\u0131r tutmak i\u00e7in ihtiya\u00e7 duydu\u011funuz rahatl\u0131\u011f\u0131 ve verimlili\u011fi sa\u011flar. EV \u015farj \u00e7\u00f6z\u00fcmlerinde g\u00fcvenilir orta\u011f\u0131n\u0131z olan HAPOW ile kalite ve g\u00fcvenilirli\u011fe yat\u0131r\u0131m yap\u0131n.<\/p>\t\t\t\t\t\t\t\t<\/div>\n\t\t\t\t<div class=\"elementor-element elementor-element-e89fd1d elementor-widget elementor-widget-heading\" data-id=\"e89fd1d\" data-element_type=\"widget\" data-e-type=\"widget\" data-widget_type=\"heading.default\">\n\t\t\t\t\t<h4 class=\"elementor-heading-title elementor-size-default\">Her \u0130htiyaca Uygun Farkl\u0131 Fonksiyonlar<\/h4>\t\t\t\t<\/div>\n\t\t<div class=\"elementor-element elementor-element-cf0fdc6 e-grid e-con-full e-con e-child\" data-id=\"cf0fdc6\" data-element_type=\"container\" data-e-type=\"container\">\n\t\t<div class=\"elementor-element elementor-element-cd1865d e-con-full e-flex e-con e-child\" data-id=\"cd1865d\" data-element_type=\"container\" data-e-type=\"container\">\n\t\t\t\t<div class=\"elementor-element elementor-element-23617c4 elementor-widget elementor-widget-heading\" data-id=\"23617c4\" data-element_type=\"widget\" data-e-type=\"widget\" data-widget_type=\"heading.default\">\n\t\t\t\t\t<h6 class=\"elementor-heading-title elementor-size-default\">Temel Versiyon<\/h6>\t\t\t\t<\/div>\n\t\t\t\t<div class=\"elementor-element elementor-element-a7ac169 elementor-widget elementor-widget-text-editor\" data-id=\"a7ac169\" data-element_type=\"widget\" data-e-type=\"widget\" data-widget_type=\"text-editor.default\">\n\t\t\t\t\t\t\t\t\t<p>Temel EV \u015farj cihaz\u0131 ev kullan\u0131m\u0131 i\u00e7in uygundur. Kullan\u0131c\u0131 dostudur, kurulumu kolayd\u0131r, performans a\u00e7\u0131s\u0131ndan kararl\u0131d\u0131r ve tam bir koruma mekanizmas\u0131na sahiptir. Herhangi bir elektrikli ara\u00e7la uyumludur.LCD ekran ayr\u0131nt\u0131l\u0131 \u015farj durumunu g\u00f6sterebilir.<\/p>\t\t\t\t\t\t\t\t<\/div>\n\t\t\t\t<\/div>\n\t\t<div class=\"elementor-element elementor-element-1f64713 e-con-full e-flex e-con e-child\" data-id=\"1f64713\" data-element_type=\"container\" data-e-type=\"container\">\n\t\t\t\t<div class=\"elementor-element elementor-element-631de5b elementor-widget elementor-widget-image\" data-id=\"631de5b\" data-element_type=\"widget\" data-e-type=\"widget\" data-widget_type=\"image.default\">\n\t\t\t\t\t\t\t\t\t\t\t\t\t\t\t<img decoding=\"async\" width=\"800\" height=\"800\" src=\"https:\/\/tpsonpower.com\/wp-content\/uploads\/2025\/09\/\u5fae\u4fe1\u56fe\u7247_20250802211944-1024x1024.jpg\" class=\"attachment-large size-large wp-image-1017\" alt=\"\" srcset=\"https:\/\/tpsonpower.com\/wp-content\/uploads\/2025\/09\/\u5fae\u4fe1\u56fe\u7247_20250802211944-1024x1024.jpg 1024w, https:\/\/tpsonpower.com\/wp-content\/uploads\/2025\/09\/\u5fae\u4fe1\u56fe\u7247_20250802211944-300x300.jpg 300w, https:\/\/tpsonpower.com\/wp-content\/uploads\/2025\/09\/\u5fae\u4fe1\u56fe\u7247_20250802211944-150x150.jpg 150w, https:\/\/tpsonpower.com\/wp-content\/uploads\/2025\/09\/\u5fae\u4fe1\u56fe\u7247_20250802211944-768x768.jpg 768w, https:\/\/tpsonpower.com\/wp-content\/uploads\/2025\/09\/\u5fae\u4fe1\u56fe\u7247_20250802211944.jpg 1500w\" sizes=\"(max-width: 800px) 100vw, 800px\" title=\"\">\t\t\t\t\t\t\t\t\t\t\t\t\t\t\t<\/div>\n\t\t\t\t<\/div>\n\t\t<div class=\"elementor-element elementor-element-04ecf8f e-con-full e-flex e-con e-child\" data-id=\"04ecf8f\" data-element_type=\"container\" data-e-type=\"container\">\n\t\t\t\t<div class=\"elementor-element elementor-element-4071524 elementor-widget elementor-widget-image\" data-id=\"4071524\" data-element_type=\"widget\" data-e-type=\"widget\" data-widget_type=\"image.default\">\n\t\t\t\t\t\t\t\t\t\t\t\t\t\t\t<img decoding=\"async\" width=\"800\" height=\"800\" src=\"https:\/\/tpsonpower.com\/wp-content\/uploads\/2025\/09\/\u5fae\u4fe1\u56fe\u7247_20250802211943-1024x1024.jpg\" class=\"attachment-large size-large wp-image-1016\" alt=\"\" srcset=\"https:\/\/tpsonpower.com\/wp-content\/uploads\/2025\/09\/\u5fae\u4fe1\u56fe\u7247_20250802211943-1024x1024.jpg 1024w, https:\/\/tpsonpower.com\/wp-content\/uploads\/2025\/09\/\u5fae\u4fe1\u56fe\u7247_20250802211943-300x300.jpg 300w, https:\/\/tpsonpower.com\/wp-content\/uploads\/2025\/09\/\u5fae\u4fe1\u56fe\u7247_20250802211943-150x150.jpg 150w, https:\/\/tpsonpower.com\/wp-content\/uploads\/2025\/09\/\u5fae\u4fe1\u56fe\u7247_20250802211943-768x768.jpg 768w, https:\/\/tpsonpower.com\/wp-content\/uploads\/2025\/09\/\u5fae\u4fe1\u56fe\u7247_20250802211943.jpg 1500w\" sizes=\"(max-width: 800px) 100vw, 800px\" title=\"\">\t\t\t\t\t\t\t\t\t\t\t\t\t\t\t<\/div>\n\t\t\t\t<\/div>\n\t\t<div class=\"elementor-element elementor-element-5cadb43 e-con-full e-flex e-con e-child\" data-id=\"5cadb43\" data-element_type=\"container\" data-e-type=\"container\">\n\t\t\t\t<div class=\"elementor-element elementor-element-8b671f2 elementor-widget elementor-widget-heading\" data-id=\"8b671f2\" data-element_type=\"widget\" data-e-type=\"widget\" data-widget_type=\"heading.default\">\n\t\t\t\t\t<h6 class=\"elementor-heading-title elementor-size-default\">Uygulama Kontrol S\u00fcr\u00fcm\u00fc<\/h6>\t\t\t\t<\/div>\n\t\t\t\t<div class=\"elementor-element elementor-element-a0401ee elementor-widget elementor-widget-text-editor\" data-id=\"a0401ee\" data-element_type=\"widget\" data-e-type=\"widget\" data-widget_type=\"text-editor.default\">\n\t\t\t\t\t\t\t\t\t<p>Bu EV \u015farj istasyonu, ak\u0131ll\u0131 bir uygulama ile sorunsuz bir \u015fekilde \u00e7al\u0131\u015farak \u015farj s\u00fcrelerini ve s\u00fcrelerini kolayl\u0131kla ayarlaman\u0131za olanak tan\u0131r. Ayr\u0131ca t\u00fcm \u015farj ge\u00e7mi\u015finizi uygulama arac\u0131l\u0131\u011f\u0131yla istedi\u011finiz zaman g\u00f6r\u00fcnt\u00fcleyebilirsiniz.<\/p>\t\t\t\t\t\t\t\t<\/div>\n\t\t\t\t<\/div>\n\t\t<div class=\"elementor-element elementor-element-085ea04 e-con-full e-flex e-con e-child\" data-id=\"085ea04\" data-element_type=\"container\" data-e-type=\"container\">\n\t\t\t\t<div class=\"elementor-element elementor-element-6bee7d8 elementor-widget elementor-widget-heading\" data-id=\"6bee7d8\" data-element_type=\"widget\" data-e-type=\"widget\" data-widget_type=\"heading.default\">\n\t\t\t\t\t<h6 class=\"elementor-heading-title elementor-size-default\">RFID Kart Kayd\u0131rma S\u00fcr\u00fcm\u00fc<\/h6>\t\t\t\t<\/div>\n\t\t\t\t<div class=\"elementor-element elementor-element-46cd004 elementor-widget elementor-widget-text-editor\" data-id=\"46cd004\" data-element_type=\"widget\" data-e-type=\"widget\" data-widget_type=\"text-editor.default\">\n\t\t\t\t\t\t\t\t\t<p>RFID EV \u015farj istasyonu hem i\u00e7 hem de d\u0131\u015f mekan \u015farj\u0131 i\u00e7in uygundur. Kompakt RFID kart\u0131m\u0131z\u0131 kullanarak \u015farj i\u015flemini ba\u015flatabilir veya durdurabilir, yetkisiz ki\u015filerin \u015farj istasyonunuzu kullanmas\u0131n\u0131 \u00f6nleyebilirsiniz.<\/p>\t\t\t\t\t\t\t\t<\/div>\n\t\t\t\t<\/div>\n\t\t<div class=\"elementor-element elementor-element-9980636 e-con-full e-flex e-con e-child\" data-id=\"9980636\" data-element_type=\"container\" data-e-type=\"container\">\n\t\t\t\t<div class=\"elementor-element elementor-element-e59b8c7 elementor-widget elementor-widget-image\" data-id=\"e59b8c7\" data-element_type=\"widget\" data-e-type=\"widget\" data-widget_type=\"image.default\">\n\t\t\t\t\t\t\t\t\t\t\t\t\t\t\t<img loading=\"lazy\" decoding=\"async\" width=\"800\" height=\"800\" src=\"https:\/\/tpsonpower.com\/wp-content\/uploads\/2025\/09\/\u5fae\u4fe1\u56fe\u7247_20250802211942-1024x1024.jpg\" class=\"attachment-large size-large wp-image-1015\" alt=\"\" srcset=\"https:\/\/tpsonpower.com\/wp-content\/uploads\/2025\/09\/\u5fae\u4fe1\u56fe\u7247_20250802211942-1024x1024.jpg 1024w, https:\/\/tpsonpower.com\/wp-content\/uploads\/2025\/09\/\u5fae\u4fe1\u56fe\u7247_20250802211942-300x300.jpg 300w, https:\/\/tpsonpower.com\/wp-content\/uploads\/2025\/09\/\u5fae\u4fe1\u56fe\u7247_20250802211942-150x150.jpg 150w, https:\/\/tpsonpower.com\/wp-content\/uploads\/2025\/09\/\u5fae\u4fe1\u56fe\u7247_20250802211942-768x768.jpg 768w, https:\/\/tpsonpower.com\/wp-content\/uploads\/2025\/09\/\u5fae\u4fe1\u56fe\u7247_20250802211942.jpg 1500w\" sizes=\"(max-width: 800px) 100vw, 800px\" title=\"\">\t\t\t\t\t\t\t\t\t\t\t\t\t\t\t<\/div>\n\t\t\t\t<\/div>\n\t\t\t\t<\/div>\n\t\t\t\t<\/div>\n\t\t\t\t<div class=\"elementor-element elementor-element-9c932e5 elementor-widget elementor-widget-image\" data-id=\"9c932e5\" data-element_type=\"widget\" data-e-type=\"widget\" data-widget_type=\"image.default\">\n\t\t\t\t\t\t\t\t\t\t\t\t\t\t\t<img loading=\"lazy\" decoding=\"async\" width=\"800\" height=\"429\" src=\"https:\/\/tpsonpower.com\/wp-content\/uploads\/2025\/09\/\u5236\u4f5c\u8fc7\u7a0b1.png\" class=\"attachment-large size-large wp-image-737\" alt=\"TPSON EV \u015earj \u0130stasyonu \u00dcretim S\u00fcreci\" srcset=\"https:\/\/tpsonpower.com\/wp-content\/uploads\/2025\/09\/\u5236\u4f5c\u8fc7\u7a0b1.png 865w, https:\/\/tpsonpower.com\/wp-content\/uploads\/2025\/09\/\u5236\u4f5c\u8fc7\u7a0b1-300x161.png 300w, https:\/\/tpsonpower.com\/wp-content\/uploads\/2025\/09\/\u5236\u4f5c\u8fc7\u7a0b1-768x412.png 768w\" sizes=\"(max-width: 800px) 100vw, 800px\" title=\"\">\t\t\t\t\t\t\t\t\t\t\t\t\t\t\t<\/div>\n\t\t\t\t<\/div>\n\t\t\t\t\t<\/div>\n\t\t\t\t<\/div>\n\t\t\t\t<\/div>","protected":false},"excerpt":{"rendered":"<p>HAPOW charger Introducing the HAPOW Electric Vehicle (EV) Charging Cable, a reliable and efficient solution for charging your electric vehicle. This high-quality cable is designed to meet the demanding needs of EV owners, ensuring a safe and seamless charging experience. The HAPOW EV charging cable features a robust construction with a durable black cable that [&hellip;]<\/p>","protected":false},"author":1,"featured_media":0,"parent":0,"menu_order":0,"comment_status":"closed","ping_status":"closed","template":"","meta":{"footnotes":""},"class_list":["post-1007","page","type-page","status-publish","hentry"],"_links":{"self":[{"href":"https:\/\/tpsonpower.com\/tr\/wp-json\/wp\/v2\/pages\/1007","targetHints":{"allow":["GET"]}}],"collection":[{"href":"https:\/\/tpsonpower.com\/tr\/wp-json\/wp\/v2\/pages"}],"about":[{"href":"https:\/\/tpsonpower.com\/tr\/wp-json\/wp\/v2\/types\/page"}],"author":[{"embeddable":true,"href":"https:\/\/tpsonpower.com\/tr\/wp-json\/wp\/v2\/users\/1"}],"replies":[{"embeddable":true,"href":"https:\/\/tpsonpower.com\/tr\/wp-json\/wp\/v2\/comments?post=1007"}],"version-history":[{"count":0,"href":"https:\/\/tpsonpower.com\/tr\/wp-json\/wp\/v2\/pages\/1007\/revisions"}],"wp:attachment":[{"href":"https:\/\/tpsonpower.com\/tr\/wp-json\/wp\/v2\/media?parent=1007"}],"curies":[{"name":"wp","href":"https:\/\/api.w.org\/{rel}","templated":true}]}}