{"id":1007,"date":"2025-09-16T08:48:52","date_gmt":"2025-09-16T08:48:52","guid":{"rendered":"https:\/\/tpsonpower.com\/?page_id=1007"},"modified":"2025-09-16T11:19:27","modified_gmt":"2025-09-16T11:19:27","slug":"hapow","status":"publish","type":"page","link":"https:\/\/tpsonpower.com\/pt\/hapow\/","title":{"rendered":"HAPOW"},"content":{"rendered":"<div data-elementor-type=\"wp-page\" data-elementor-id=\"1007\" class=\"elementor elementor-1007\" data-elementor-post-type=\"page\">\n\t\t\t\t\t\t<section class=\"elementor-section elementor-top-section elementor-element elementor-element-5dbe22f elementor-section-content-middle elementor-section-boxed elementor-section-height-default elementor-section-height-default\" data-id=\"5dbe22f\" data-element_type=\"section\" data-e-type=\"section\">\n\t\t\t\t\t\t<div class=\"elementor-container elementor-column-gap-default\">\n\t\t\t\t\t<div class=\"elementor-column elementor-col-50 elementor-top-column elementor-element elementor-element-1f04c64\" data-id=\"1f04c64\" data-element_type=\"column\" data-e-type=\"column\" data-settings=\"{&quot;background_background&quot;:&quot;classic&quot;}\">\n\t\t\t<div class=\"elementor-widget-wrap elementor-element-populated\">\n\t\t\t\t\t\t<div class=\"elementor-element elementor-element-7588506 elementor-widget elementor-widget-image\" data-id=\"7588506\" data-element_type=\"widget\" data-e-type=\"widget\" data-widget_type=\"image.default\">\n\t\t\t\t\t\t\t\t\t\t\t\t\t\t\t<img fetchpriority=\"high\" decoding=\"async\" width=\"800\" height=\"800\" src=\"https:\/\/tpsonpower.com\/wp-content\/uploads\/2025\/09\/\u5fae\u4fe1\u56fe\u7247_20250802211940-1024x1024.jpg\" class=\"attachment-large size-large wp-image-1014\" alt=\"\" srcset=\"https:\/\/tpsonpower.com\/wp-content\/uploads\/2025\/09\/\u5fae\u4fe1\u56fe\u7247_20250802211940-1024x1024.jpg 1024w, https:\/\/tpsonpower.com\/wp-content\/uploads\/2025\/09\/\u5fae\u4fe1\u56fe\u7247_20250802211940-300x300.jpg 300w, https:\/\/tpsonpower.com\/wp-content\/uploads\/2025\/09\/\u5fae\u4fe1\u56fe\u7247_20250802211940-150x150.jpg 150w, https:\/\/tpsonpower.com\/wp-content\/uploads\/2025\/09\/\u5fae\u4fe1\u56fe\u7247_20250802211940-768x768.jpg 768w, https:\/\/tpsonpower.com\/wp-content\/uploads\/2025\/09\/\u5fae\u4fe1\u56fe\u7247_20250802211940.jpg 1500w\" sizes=\"(max-width: 800px) 100vw, 800px\" title=\"\">\t\t\t\t\t\t\t\t\t\t\t\t\t\t\t<\/div>\n\t\t\t\t<div class=\"elementor-element elementor-element-b3e95bb elementor-widget elementor-widget-gallery\" data-id=\"b3e95bb\" data-element_type=\"widget\" data-e-type=\"widget\" data-settings=\"{&quot;columns_mobile&quot;:4,&quot;aspect_ratio&quot;:&quot;1:1&quot;,&quot;lazyload&quot;:&quot;yes&quot;,&quot;gallery_layout&quot;:&quot;grid&quot;,&quot;columns&quot;:4,&quot;columns_tablet&quot;:2,&quot;gap&quot;:{&quot;unit&quot;:&quot;px&quot;,&quot;size&quot;:10,&quot;sizes&quot;:[]},&quot;gap_tablet&quot;:{&quot;unit&quot;:&quot;px&quot;,&quot;size&quot;:10,&quot;sizes&quot;:[]},&quot;gap_mobile&quot;:{&quot;unit&quot;:&quot;px&quot;,&quot;size&quot;:10,&quot;sizes&quot;:[]},&quot;link_to&quot;:&quot;file&quot;,&quot;overlay_background&quot;:&quot;yes&quot;,&quot;content_hover_animation&quot;:&quot;fade-in&quot;}\" data-widget_type=\"gallery.default\">\n\t\t\t\t\t\t\t<div class=\"elementor-gallery__container\">\n\t\t\t\t\t\t\t<a class=\"e-gallery-item elementor-gallery-item elementor-animated-content\" href=\"https:\/\/tpsonpower.com\/wp-content\/uploads\/2025\/09\/\u5fae\u4fe1\u56fe\u7247_20250802211942.jpg\" data-elementor-open-lightbox=\"yes\" data-elementor-lightbox-slideshow=\"b3e95bb\" data-elementor-lightbox-title=\"\u5fae\u4fe1\u56fe\u7247_20250802211942\" data-e-action-hash=\"#elementor-action%3Aaction%3Dlightbox%26settings%3DeyJpZCI6MTAxNSwidXJsIjoiaHR0cHM6XC9cL3Rwc29ucG93ZXIuY29tXC93cC1jb250ZW50XC91cGxvYWRzXC8yMDI1XC8wOVwvXHU1ZmFlXHU0ZmUxXHU1NmZlXHU3MjQ3XzIwMjUwODAyMjExOTQyLmpwZyIsInNsaWRlc2hvdyI6ImIzZTk1YmIifQ%3D%3D\">\n\t\t\t\t\t<div class=\"e-gallery-image elementor-gallery-item__image\" data-thumbnail=\"https:\/\/tpsonpower.com\/wp-content\/uploads\/2025\/09\/\u5fae\u4fe1\u56fe\u7247_20250802211942-300x300.jpg\" data-width=\"300\" data-height=\"300\" aria-label=\"\" role=\"img\" ><\/div>\n\t\t\t\t\t\t\t\t\t\t\t<div class=\"elementor-gallery-item__overlay\"><\/div>\n\t\t\t\t\t\t\t\t\t\t\t\t\t\t<\/a>\n\t\t\t\t\t\t\t<a class=\"e-gallery-item elementor-gallery-item elementor-animated-content\" href=\"https:\/\/tpsonpower.com\/wp-content\/uploads\/2025\/09\/\u5fae\u4fe1\u56fe\u7247_20250802211943.jpg\" data-elementor-open-lightbox=\"yes\" data-elementor-lightbox-slideshow=\"b3e95bb\" data-elementor-lightbox-title=\"\u5fae\u4fe1\u56fe\u7247_20250802211943\" data-e-action-hash=\"#elementor-action%3Aaction%3Dlightbox%26settings%3DeyJpZCI6MTAxNiwidXJsIjoiaHR0cHM6XC9cL3Rwc29ucG93ZXIuY29tXC93cC1jb250ZW50XC91cGxvYWRzXC8yMDI1XC8wOVwvXHU1ZmFlXHU0ZmUxXHU1NmZlXHU3MjQ3XzIwMjUwODAyMjExOTQzLmpwZyIsInNsaWRlc2hvdyI6ImIzZTk1YmIifQ%3D%3D\">\n\t\t\t\t\t<div class=\"e-gallery-image elementor-gallery-item__image\" data-thumbnail=\"https:\/\/tpsonpower.com\/wp-content\/uploads\/2025\/09\/\u5fae\u4fe1\u56fe\u7247_20250802211943-300x300.jpg\" data-width=\"300\" data-height=\"300\" aria-label=\"\" role=\"img\" ><\/div>\n\t\t\t\t\t\t\t\t\t\t\t<div class=\"elementor-gallery-item__overlay\"><\/div>\n\t\t\t\t\t\t\t\t\t\t\t\t\t\t<\/a>\n\t\t\t\t\t\t\t<a class=\"e-gallery-item elementor-gallery-item elementor-animated-content\" href=\"https:\/\/tpsonpower.com\/wp-content\/uploads\/2025\/09\/\u5fae\u4fe1\u56fe\u7247_20250802211944.jpg\" data-elementor-open-lightbox=\"yes\" data-elementor-lightbox-slideshow=\"b3e95bb\" data-elementor-lightbox-title=\"\u5fae\u4fe1\u56fe\u7247_20250802211944\" data-e-action-hash=\"#elementor-action%3Aaction%3Dlightbox%26settings%3DeyJpZCI6MTAxNywidXJsIjoiaHR0cHM6XC9cL3Rwc29ucG93ZXIuY29tXC93cC1jb250ZW50XC91cGxvYWRzXC8yMDI1XC8wOVwvXHU1ZmFlXHU0ZmUxXHU1NmZlXHU3MjQ3XzIwMjUwODAyMjExOTQ0LmpwZyIsInNsaWRlc2hvdyI6ImIzZTk1YmIifQ%3D%3D\">\n\t\t\t\t\t<div class=\"e-gallery-image elementor-gallery-item__image\" data-thumbnail=\"https:\/\/tpsonpower.com\/wp-content\/uploads\/2025\/09\/\u5fae\u4fe1\u56fe\u7247_20250802211944-300x300.jpg\" data-width=\"300\" data-height=\"300\" aria-label=\"\" role=\"img\" ><\/div>\n\t\t\t\t\t\t\t\t\t\t\t<div class=\"elementor-gallery-item__overlay\"><\/div>\n\t\t\t\t\t\t\t\t\t\t\t\t\t\t<\/a>\n\t\t\t\t\t<\/div>\n\t\t\t\t\t<\/div>\n\t\t\t\t\t<\/div>\n\t\t<\/div>\n\t\t\t\t<div class=\"elementor-column elementor-col-50 elementor-top-column elementor-element elementor-element-a4239ec\" data-id=\"a4239ec\" data-element_type=\"column\" data-e-type=\"column\">\n\t\t\t<div class=\"elementor-widget-wrap elementor-element-populated\">\n\t\t\t\t\t\t<div class=\"elementor-element elementor-element-83459d2 elementor-widget elementor-widget-heading\" data-id=\"83459d2\" data-element_type=\"widget\" data-e-type=\"widget\" data-widget_type=\"heading.default\">\n\t\t\t\t\t<h3 class=\"elementor-heading-title elementor-size-default\">Carregador HAPOW<\/h3>\t\t\t\t<\/div>\n\t\t\t\t<div class=\"elementor-element elementor-element-c93999d elementor-widget elementor-widget-text-editor\" data-id=\"c93999d\" data-element_type=\"widget\" data-e-type=\"widget\" data-widget_type=\"text-editor.default\">\n\t\t\t\t\t\t\t\t\t<p>Apresentamos o cabo de carregamento de ve\u00edculos el\u00e9ctricos (VE) da HAPOW, uma solu\u00e7\u00e3o fi\u00e1vel e eficiente para carregar o seu ve\u00edculo el\u00e9trico. Este cabo de alta qualidade foi concebido para satisfazer as necessidades exigentes dos propriet\u00e1rios de VE, garantindo uma experi\u00eancia de carregamento segura e sem problemas.<\/p><p>O cabo de carregamento HAPOW EV apresenta uma constru\u00e7\u00e3o robusta com um cabo preto dur\u00e1vel que pode suportar v\u00e1rias condi\u00e7\u00f5es climat\u00e9ricas e uma utiliza\u00e7\u00e3o frequente. O conetor foi concebido de forma ergon\u00f3mica para um manuseamento f\u00e1cil e uma liga\u00e7\u00e3o segura \u00e0 porta de carregamento do seu ve\u00edculo. Suporta conectores de tipo 2, que s\u00e3o amplamente utilizados em muitos ve\u00edculos el\u00e9ctricos, tornando-o compat\u00edvel com uma vasta gama de modelos.<\/p><p>\u00a0<\/p>\t\t\t\t\t\t\t\t<\/div>\n\t\t\t\t\t<\/div>\n\t\t<\/div>\n\t\t\t\t\t<\/div>\n\t\t<\/section>\n\t\t<div class=\"elementor-element elementor-element-fff5e7d e-flex e-con-boxed e-con e-parent\" data-id=\"fff5e7d\" data-element_type=\"container\" data-e-type=\"container\">\n\t\t\t\t\t<div class=\"e-con-inner\">\n\t\t<div class=\"elementor-element elementor-element-3b9bdd8 e-con-full e-flex e-con e-child\" data-id=\"3b9bdd8\" data-element_type=\"container\" data-e-type=\"container\">\n\t\t<div class=\"elementor-element elementor-element-7791e96 e-con-full e-flex e-con e-child\" data-id=\"7791e96\" data-element_type=\"container\" data-e-type=\"container\">\n\t\t\t\t<div class=\"elementor-element elementor-element-e4b7195 elementor-widget elementor-widget-heading\" data-id=\"e4b7195\" data-element_type=\"widget\" data-e-type=\"widget\" data-widget_type=\"heading.default\">\n\t\t\t\t\t<h4 class=\"elementor-heading-title elementor-size-default\">Carregador HAPOW<\/h4>\t\t\t\t<\/div>\n\t\t\t\t<div class=\"elementor-element elementor-element-0704872 elementor-widget elementor-widget-text-editor\" data-id=\"0704872\" data-element_type=\"widget\" data-e-type=\"widget\" data-widget_type=\"text-editor.default\">\n\t\t\t\t\t\t\t\t\t<p>Certificado com as normas CE, RoHS, FC e UKCA, este produto cumpre os regulamentos internacionais em mat\u00e9ria de seguran\u00e7a e ambiente, garantindo a sua fiabilidade e desempenho. O cabo tamb\u00e9m inclui funcionalidades de seguran\u00e7a avan\u00e7adas, como prote\u00e7\u00e3o contra sobreintensidades e monitoriza\u00e7\u00e3o da temperatura, para evitar o sobreaquecimento e garantir um processo de carregamento seguro<\/p>\t\t\t\t\t\t\t\t<\/div>\n\t\t\t\t<div class=\"elementor-element elementor-element-e81a621 elementor-widget elementor-widget-heading\" data-id=\"e81a621\" data-element_type=\"widget\" data-e-type=\"widget\" data-widget_type=\"heading.default\">\n\t\t\t\t\t<h4 class=\"elementor-heading-title elementor-size-default\">Principais carater\u00edsticas em todas as vers\u00f5es<\/h4>\t\t\t\t<\/div>\n\t\t\t\t<div class=\"elementor-element elementor-element-41254f5 elementor-widget elementor-widget-text-editor\" data-id=\"41254f5\" data-element_type=\"widget\" data-e-type=\"widget\" data-widget_type=\"text-editor.default\">\n\t\t\t\t\t\t\t\t\t<p>Quer esteja em casa ou em viagem, o cabo de carregamento para ve\u00edculos el\u00e9ctricos da HAPOW proporciona a comodidade e a efici\u00eancia de que necessita para manter o seu ve\u00edculo el\u00e9trico ligado e pronto para a estrada. Invista em qualidade e fiabilidade com a HAPOW - o seu parceiro de confian\u00e7a em solu\u00e7\u00f5es de carregamento de VE.<\/p>\t\t\t\t\t\t\t\t<\/div>\n\t\t\t\t<div class=\"elementor-element elementor-element-e89fd1d elementor-widget elementor-widget-heading\" data-id=\"e89fd1d\" data-element_type=\"widget\" data-e-type=\"widget\" data-widget_type=\"heading.default\">\n\t\t\t\t\t<h4 class=\"elementor-heading-title elementor-size-default\">Diferentes fun\u00e7\u00f5es para cada necessidade<\/h4>\t\t\t\t<\/div>\n\t\t<div class=\"elementor-element elementor-element-cf0fdc6 e-grid e-con-full e-con e-child\" data-id=\"cf0fdc6\" data-element_type=\"container\" data-e-type=\"container\">\n\t\t<div class=\"elementor-element elementor-element-cd1865d e-con-full e-flex e-con e-child\" data-id=\"cd1865d\" data-element_type=\"container\" data-e-type=\"container\">\n\t\t\t\t<div class=\"elementor-element elementor-element-23617c4 elementor-widget elementor-widget-heading\" data-id=\"23617c4\" data-element_type=\"widget\" data-e-type=\"widget\" data-widget_type=\"heading.default\">\n\t\t\t\t\t<h6 class=\"elementor-heading-title elementor-size-default\">Vers\u00e3o b\u00e1sica<\/h6>\t\t\t\t<\/div>\n\t\t\t\t<div class=\"elementor-element elementor-element-a7ac169 elementor-widget elementor-widget-text-editor\" data-id=\"a7ac169\" data-element_type=\"widget\" data-e-type=\"widget\" data-widget_type=\"text-editor.default\">\n\t\t\t\t\t\t\t\t\t<p>O carregador EV b\u00e1sico \u00e9 adequado para uso dom\u00e9stico. \u00c9 de f\u00e1cil utiliza\u00e7\u00e3o, f\u00e1cil de instalar, est\u00e1vel no desempenho e tem um mecanismo de prote\u00e7\u00e3o completo. \u00c9 compat\u00edvel com qualquer ve\u00edculo el\u00e9trico. O visor LCD pode mostrar o estado detalhado do carregamento.<\/p>\t\t\t\t\t\t\t\t<\/div>\n\t\t\t\t<\/div>\n\t\t<div class=\"elementor-element elementor-element-1f64713 e-con-full e-flex e-con e-child\" data-id=\"1f64713\" data-element_type=\"container\" data-e-type=\"container\">\n\t\t\t\t<div class=\"elementor-element elementor-element-631de5b elementor-widget elementor-widget-image\" data-id=\"631de5b\" data-element_type=\"widget\" data-e-type=\"widget\" data-widget_type=\"image.default\">\n\t\t\t\t\t\t\t\t\t\t\t\t\t\t\t<img decoding=\"async\" width=\"800\" height=\"800\" src=\"https:\/\/tpsonpower.com\/wp-content\/uploads\/2025\/09\/\u5fae\u4fe1\u56fe\u7247_20250802211944-1024x1024.jpg\" class=\"attachment-large size-large wp-image-1017\" alt=\"\" srcset=\"https:\/\/tpsonpower.com\/wp-content\/uploads\/2025\/09\/\u5fae\u4fe1\u56fe\u7247_20250802211944-1024x1024.jpg 1024w, https:\/\/tpsonpower.com\/wp-content\/uploads\/2025\/09\/\u5fae\u4fe1\u56fe\u7247_20250802211944-300x300.jpg 300w, https:\/\/tpsonpower.com\/wp-content\/uploads\/2025\/09\/\u5fae\u4fe1\u56fe\u7247_20250802211944-150x150.jpg 150w, https:\/\/tpsonpower.com\/wp-content\/uploads\/2025\/09\/\u5fae\u4fe1\u56fe\u7247_20250802211944-768x768.jpg 768w, https:\/\/tpsonpower.com\/wp-content\/uploads\/2025\/09\/\u5fae\u4fe1\u56fe\u7247_20250802211944.jpg 1500w\" sizes=\"(max-width: 800px) 100vw, 800px\" title=\"\">\t\t\t\t\t\t\t\t\t\t\t\t\t\t\t<\/div>\n\t\t\t\t<\/div>\n\t\t<div class=\"elementor-element elementor-element-04ecf8f e-con-full e-flex e-con e-child\" data-id=\"04ecf8f\" data-element_type=\"container\" data-e-type=\"container\">\n\t\t\t\t<div class=\"elementor-element elementor-element-4071524 elementor-widget elementor-widget-image\" data-id=\"4071524\" data-element_type=\"widget\" data-e-type=\"widget\" data-widget_type=\"image.default\">\n\t\t\t\t\t\t\t\t\t\t\t\t\t\t\t<img decoding=\"async\" width=\"800\" height=\"800\" src=\"https:\/\/tpsonpower.com\/wp-content\/uploads\/2025\/09\/\u5fae\u4fe1\u56fe\u7247_20250802211943-1024x1024.jpg\" class=\"attachment-large size-large wp-image-1016\" alt=\"\" srcset=\"https:\/\/tpsonpower.com\/wp-content\/uploads\/2025\/09\/\u5fae\u4fe1\u56fe\u7247_20250802211943-1024x1024.jpg 1024w, https:\/\/tpsonpower.com\/wp-content\/uploads\/2025\/09\/\u5fae\u4fe1\u56fe\u7247_20250802211943-300x300.jpg 300w, https:\/\/tpsonpower.com\/wp-content\/uploads\/2025\/09\/\u5fae\u4fe1\u56fe\u7247_20250802211943-150x150.jpg 150w, https:\/\/tpsonpower.com\/wp-content\/uploads\/2025\/09\/\u5fae\u4fe1\u56fe\u7247_20250802211943-768x768.jpg 768w, https:\/\/tpsonpower.com\/wp-content\/uploads\/2025\/09\/\u5fae\u4fe1\u56fe\u7247_20250802211943.jpg 1500w\" sizes=\"(max-width: 800px) 100vw, 800px\" title=\"\">\t\t\t\t\t\t\t\t\t\t\t\t\t\t\t<\/div>\n\t\t\t\t<\/div>\n\t\t<div class=\"elementor-element elementor-element-5cadb43 e-con-full e-flex e-con e-child\" data-id=\"5cadb43\" data-element_type=\"container\" data-e-type=\"container\">\n\t\t\t\t<div class=\"elementor-element elementor-element-8b671f2 elementor-widget elementor-widget-heading\" data-id=\"8b671f2\" data-element_type=\"widget\" data-e-type=\"widget\" data-widget_type=\"heading.default\">\n\t\t\t\t\t<h6 class=\"elementor-heading-title elementor-size-default\">Vers\u00e3o do controlo da aplica\u00e7\u00e3o<\/h6>\t\t\t\t<\/div>\n\t\t\t\t<div class=\"elementor-element elementor-element-a0401ee elementor-widget elementor-widget-text-editor\" data-id=\"a0401ee\" data-element_type=\"widget\" data-e-type=\"widget\" data-widget_type=\"text-editor.default\">\n\t\t\t\t\t\t\t\t\t<p>Esta esta\u00e7\u00e3o de carregamento de ve\u00edculos el\u00e9ctricos pode funcionar perfeitamente com uma aplica\u00e7\u00e3o inteligente, permitindo-lhe definir facilmente os tempos e dura\u00e7\u00f5es de carregamento. Tamb\u00e9m pode ver o seu hist\u00f3rico completo de carregamento em qualquer altura atrav\u00e9s da aplica\u00e7\u00e3o.<\/p>\t\t\t\t\t\t\t\t<\/div>\n\t\t\t\t<\/div>\n\t\t<div class=\"elementor-element elementor-element-085ea04 e-con-full e-flex e-con e-child\" data-id=\"085ea04\" data-element_type=\"container\" data-e-type=\"container\">\n\t\t\t\t<div class=\"elementor-element elementor-element-6bee7d8 elementor-widget elementor-widget-heading\" data-id=\"6bee7d8\" data-element_type=\"widget\" data-e-type=\"widget\" data-widget_type=\"heading.default\">\n\t\t\t\t\t<h6 class=\"elementor-heading-title elementor-size-default\">Vers\u00e3o de passagem de cart\u00e3o RFID<\/h6>\t\t\t\t<\/div>\n\t\t\t\t<div class=\"elementor-element elementor-element-46cd004 elementor-widget elementor-widget-text-editor\" data-id=\"46cd004\" data-element_type=\"widget\" data-e-type=\"widget\" data-widget_type=\"text-editor.default\">\n\t\t\t\t\t\t\t\t\t<p>A esta\u00e7\u00e3o de carregamento RFID EV \u00e9 adequada tanto para o carregamento no interior como no exterior. Ao utilizar o nosso cart\u00e3o RFID compacto, pode iniciar ou parar o carregamento, evitando que pessoas n\u00e3o autorizadas utilizem a sua esta\u00e7\u00e3o de carregamento.<\/p>\t\t\t\t\t\t\t\t<\/div>\n\t\t\t\t<\/div>\n\t\t<div class=\"elementor-element elementor-element-9980636 e-con-full e-flex e-con e-child\" data-id=\"9980636\" data-element_type=\"container\" data-e-type=\"container\">\n\t\t\t\t<div class=\"elementor-element elementor-element-e59b8c7 elementor-widget elementor-widget-image\" data-id=\"e59b8c7\" data-element_type=\"widget\" data-e-type=\"widget\" data-widget_type=\"image.default\">\n\t\t\t\t\t\t\t\t\t\t\t\t\t\t\t<img loading=\"lazy\" decoding=\"async\" width=\"800\" height=\"800\" src=\"https:\/\/tpsonpower.com\/wp-content\/uploads\/2025\/09\/\u5fae\u4fe1\u56fe\u7247_20250802211942-1024x1024.jpg\" class=\"attachment-large size-large wp-image-1015\" alt=\"\" srcset=\"https:\/\/tpsonpower.com\/wp-content\/uploads\/2025\/09\/\u5fae\u4fe1\u56fe\u7247_20250802211942-1024x1024.jpg 1024w, https:\/\/tpsonpower.com\/wp-content\/uploads\/2025\/09\/\u5fae\u4fe1\u56fe\u7247_20250802211942-300x300.jpg 300w, https:\/\/tpsonpower.com\/wp-content\/uploads\/2025\/09\/\u5fae\u4fe1\u56fe\u7247_20250802211942-150x150.jpg 150w, https:\/\/tpsonpower.com\/wp-content\/uploads\/2025\/09\/\u5fae\u4fe1\u56fe\u7247_20250802211942-768x768.jpg 768w, https:\/\/tpsonpower.com\/wp-content\/uploads\/2025\/09\/\u5fae\u4fe1\u56fe\u7247_20250802211942.jpg 1500w\" sizes=\"(max-width: 800px) 100vw, 800px\" title=\"\">\t\t\t\t\t\t\t\t\t\t\t\t\t\t\t<\/div>\n\t\t\t\t<\/div>\n\t\t\t\t<\/div>\n\t\t\t\t<\/div>\n\t\t\t\t<div class=\"elementor-element elementor-element-9c932e5 elementor-widget elementor-widget-image\" data-id=\"9c932e5\" data-element_type=\"widget\" data-e-type=\"widget\" data-widget_type=\"image.default\">\n\t\t\t\t\t\t\t\t\t\t\t\t\t\t\t<img loading=\"lazy\" decoding=\"async\" width=\"800\" height=\"429\" src=\"https:\/\/tpsonpower.com\/wp-content\/uploads\/2025\/09\/\u5236\u4f5c\u8fc7\u7a0b1.png\" class=\"attachment-large size-large wp-image-737\" alt=\"Processo de fabrico da esta\u00e7\u00e3o de carregamento de ve\u00edculos el\u00e9ctricos TPSON\" srcset=\"https:\/\/tpsonpower.com\/wp-content\/uploads\/2025\/09\/\u5236\u4f5c\u8fc7\u7a0b1.png 865w, https:\/\/tpsonpower.com\/wp-content\/uploads\/2025\/09\/\u5236\u4f5c\u8fc7\u7a0b1-300x161.png 300w, https:\/\/tpsonpower.com\/wp-content\/uploads\/2025\/09\/\u5236\u4f5c\u8fc7\u7a0b1-768x412.png 768w\" sizes=\"(max-width: 800px) 100vw, 800px\" title=\"\">\t\t\t\t\t\t\t\t\t\t\t\t\t\t\t<\/div>\n\t\t\t\t<\/div>\n\t\t\t\t\t<\/div>\n\t\t\t\t<\/div>\n\t\t\t\t<\/div>","protected":false},"excerpt":{"rendered":"<p>HAPOW charger Introducing the HAPOW Electric Vehicle (EV) Charging Cable, a reliable and efficient solution for charging your electric vehicle. This high-quality cable is designed to meet the demanding needs of EV owners, ensuring a safe and seamless charging experience. The HAPOW EV charging cable features a robust construction with a durable black cable that [&hellip;]<\/p>","protected":false},"author":1,"featured_media":0,"parent":0,"menu_order":0,"comment_status":"closed","ping_status":"closed","template":"","meta":{"footnotes":""},"class_list":["post-1007","page","type-page","status-publish","hentry"],"_links":{"self":[{"href":"https:\/\/tpsonpower.com\/pt\/wp-json\/wp\/v2\/pages\/1007","targetHints":{"allow":["GET"]}}],"collection":[{"href":"https:\/\/tpsonpower.com\/pt\/wp-json\/wp\/v2\/pages"}],"about":[{"href":"https:\/\/tpsonpower.com\/pt\/wp-json\/wp\/v2\/types\/page"}],"author":[{"embeddable":true,"href":"https:\/\/tpsonpower.com\/pt\/wp-json\/wp\/v2\/users\/1"}],"replies":[{"embeddable":true,"href":"https:\/\/tpsonpower.com\/pt\/wp-json\/wp\/v2\/comments?post=1007"}],"version-history":[{"count":0,"href":"https:\/\/tpsonpower.com\/pt\/wp-json\/wp\/v2\/pages\/1007\/revisions"}],"wp:attachment":[{"href":"https:\/\/tpsonpower.com\/pt\/wp-json\/wp\/v2\/media?parent=1007"}],"curies":[{"name":"wp","href":"https:\/\/api.w.org\/{rel}","templated":true}]}}