{"id":2469,"date":"2025-10-30T00:35:12","date_gmt":"2025-10-30T00:35:12","guid":{"rendered":"https:\/\/tpsonpower.com\/?page_id=2469"},"modified":"2025-10-30T02:29:09","modified_gmt":"2025-10-30T02:29:09","slug":"compteurs-de-puissance","status":"publish","type":"page","link":"https:\/\/tpsonpower.com\/fr\/compteurs-de-puissance\/","title":{"rendered":"Compteurs d'\u00e9nergie"},"content":{"rendered":"<div data-elementor-type=\"wp-page\" data-elementor-id=\"2469\" class=\"elementor elementor-2469\" data-elementor-post-type=\"page\">\n\t\t\t\t\t\t<section class=\"elementor-section elementor-top-section elementor-element elementor-element-2954b3b elementor-section-height-min-height elementor-section-boxed elementor-section-height-default elementor-section-items-middle\" data-id=\"2954b3b\" data-element_type=\"section\" data-e-type=\"section\" data-settings=\"{&quot;background_background&quot;:&quot;classic&quot;}\">\n\t\t\t\t\t\t\t<div class=\"elementor-background-overlay\"><\/div>\n\t\t\t\t\t\t\t<div class=\"elementor-container elementor-column-gap-no\">\n\t\t\t\t\t<div class=\"elementor-column elementor-col-100 elementor-top-column elementor-element elementor-element-5a82c37\" data-id=\"5a82c37\" data-element_type=\"column\" data-e-type=\"column\">\n\t\t\t<div class=\"elementor-widget-wrap elementor-element-populated\">\n\t\t\t\t\t\t<div class=\"elementor-element elementor-element-1795f4c elementor-widget elementor-widget-heading\" data-id=\"1795f4c\" data-element_type=\"widget\" data-e-type=\"widget\" data-widget_type=\"heading.default\">\n\t\t\t\t\t<h1 class=\"elementor-heading-title elementor-size-default\">Compteurs d'\u00e9nergie<\/h1>\t\t\t\t<\/div>\n\t\t\t\t\t<\/div>\n\t\t<\/div>\n\t\t\t\t\t<\/div>\n\t\t<\/section>\n\t\t<div class=\"elementor-element elementor-element-05b838a e-flex e-con-boxed e-con e-parent\" data-id=\"05b838a\" data-element_type=\"container\" data-e-type=\"container\">\n\t\t\t\t\t<div class=\"e-con-inner\">\n\t\t<div class=\"elementor-element elementor-element-3059583 e-con-full e-flex e-con e-child\" data-id=\"3059583\" data-element_type=\"container\" data-e-type=\"container\">\n\t\t\t\t<\/div>\n\t\t\t\t\t<\/div>\n\t\t\t\t<\/div>\n\t\t<div class=\"elementor-element elementor-element-10cb1fe e-flex e-con-boxed e-con e-parent\" data-id=\"10cb1fe\" data-element_type=\"container\" data-e-type=\"container\">\n\t\t\t\t\t<div class=\"e-con-inner\">\n\t\t<div class=\"elementor-element elementor-element-4f830c2 e-con-full e-flex e-con e-child\" data-id=\"4f830c2\" data-element_type=\"container\" data-e-type=\"container\">\n\t\t\t\t<div class=\"elementor-element elementor-element-ca7f812 elementor-widget elementor-widget-heading\" data-id=\"ca7f812\" data-element_type=\"widget\" data-e-type=\"widget\" data-widget_type=\"heading.default\">\n\t\t\t\t\t<h2 class=\"elementor-heading-title elementor-size-default\">Compteurs intelligents<\/h2>\t\t\t\t<\/div>\n\t\t\t\t<\/div>\n\t\t\t\t\t<\/div>\n\t\t\t\t<\/div>\n\t\t<div class=\"elementor-element elementor-element-e36744d e-flex e-con-boxed e-con e-parent\" data-id=\"e36744d\" data-element_type=\"container\" data-e-type=\"container\">\n\t\t\t\t\t<div class=\"e-con-inner\">\n\t\t<div class=\"elementor-element elementor-element-a39ad5b e-con-full e-flex e-con e-child\" data-id=\"a39ad5b\" data-element_type=\"container\" data-e-type=\"container\">\n\t\t<div class=\"elementor-element elementor-element-c9987f1 e-con-full e-flex e-con e-child\" data-id=\"c9987f1\" data-element_type=\"container\" data-e-type=\"container\">\n\t\t\t\t<div class=\"elementor-element elementor-element-e2df491 elementor-widget elementor-widget-image\" data-id=\"e2df491\" data-element_type=\"widget\" data-e-type=\"widget\" data-widget_type=\"image.default\">\n\t\t\t\t\t\t\t\t\t\t\t\t\t\t\t\t<a href=\"https:\/\/tpsonpower.com\/tp-dy200-smart-energy-meter\/\">\n\t\t\t\t\t\t\t<img fetchpriority=\"high\" decoding=\"async\" width=\"614\" height=\"614\" src=\"https:\/\/tpsonpower.com\/wp-content\/uploads\/2025\/10\/11.png\" class=\"attachment-large size-large wp-image-2482\" alt=\"Compteur d&#039;\u00e9nergie intelligent\" srcset=\"https:\/\/tpsonpower.com\/wp-content\/uploads\/2025\/10\/11.png 614w, https:\/\/tpsonpower.com\/wp-content\/uploads\/2025\/10\/11-300x300.png 300w, https:\/\/tpsonpower.com\/wp-content\/uploads\/2025\/10\/11-150x150.png 150w\" sizes=\"(max-width: 614px) 100vw, 614px\" title=\"\">\t\t\t\t\t\t\t\t<\/a>\n\t\t\t\t\t\t\t\t\t\t\t\t\t\t\t<\/div>\n\t\t\t\t<div class=\"elementor-element elementor-element-2c0f740 elementor-widget elementor-widget-heading\" data-id=\"2c0f740\" data-element_type=\"widget\" data-e-type=\"widget\" data-widget_type=\"heading.default\">\n\t\t\t\t\t<h6 class=\"elementor-heading-title elementor-size-default\"><a href=\"https:\/\/tpsonpower.com\/tp-dy200-smart-energy-meter\/\">TP-DY200 Compteur d'\u00e9nergie intelligent<\/a><\/h6>\t\t\t\t<\/div>\n\t\t\t\t<\/div>\n\t\t\t\t<\/div>\n\t\t<div class=\"elementor-element elementor-element-bd2c6ae e-con-full e-flex e-con e-child\" data-id=\"bd2c6ae\" data-element_type=\"container\" data-e-type=\"container\">\n\t\t<div class=\"elementor-element elementor-element-631ae9e e-con-full e-flex e-con e-child\" data-id=\"631ae9e\" data-element_type=\"container\" data-e-type=\"container\">\n\t\t\t\t<div class=\"elementor-element elementor-element-d31bbe1 elementor-widget elementor-widget-image\" data-id=\"d31bbe1\" data-element_type=\"widget\" data-e-type=\"widget\" data-widget_type=\"image.default\">\n\t\t\t\t\t\t\t\t\t\t\t\t\t\t\t\t<a href=\"https:\/\/tpsonpower.com\/tp-dy300-keypad-prepaid-smart-energy-meter\/\">\n\t\t\t\t\t\t\t<img decoding=\"async\" width=\"800\" height=\"800\" src=\"https:\/\/tpsonpower.com\/wp-content\/uploads\/2025\/10\/AiE-1920-x-300-\u50cf\u7d20-1254-x-600-\u50cf\u7d20-600-x-600-\u50cf\u7d20-1254-x-600-\u50cf\u7d20-600-x-400-\u50cf\u7d20-2000-x-1333-\u50cf\u7d20-160-x-40-\u50cf\u7d20-1440-x-733-\u50cf\u7d20-360-x-200-\u50cf\u7d20-9-1024x1024.jpg\" class=\"attachment-large size-large wp-image-2535\" alt=\"Compteur d&#039;\u00e9nergie pr\u00e9pay\u00e9 \u00e0 clavier\" srcset=\"https:\/\/tpsonpower.com\/wp-content\/uploads\/2025\/10\/AiE-1920-x-300-\u50cf\u7d20-1254-x-600-\u50cf\u7d20-600-x-600-\u50cf\u7d20-1254-x-600-\u50cf\u7d20-600-x-400-\u50cf\u7d20-2000-x-1333-\u50cf\u7d20-160-x-40-\u50cf\u7d20-1440-x-733-\u50cf\u7d20-360-x-200-\u50cf\u7d20-9-1024x1024.jpg 1024w, https:\/\/tpsonpower.com\/wp-content\/uploads\/2025\/10\/AiE-1920-x-300-\u50cf\u7d20-1254-x-600-\u50cf\u7d20-600-x-600-\u50cf\u7d20-1254-x-600-\u50cf\u7d20-600-x-400-\u50cf\u7d20-2000-x-1333-\u50cf\u7d20-160-x-40-\u50cf\u7d20-1440-x-733-\u50cf\u7d20-360-x-200-\u50cf\u7d20-9-300x300.jpg 300w, https:\/\/tpsonpower.com\/wp-content\/uploads\/2025\/10\/AiE-1920-x-300-\u50cf\u7d20-1254-x-600-\u50cf\u7d20-600-x-600-\u50cf\u7d20-1254-x-600-\u50cf\u7d20-600-x-400-\u50cf\u7d20-2000-x-1333-\u50cf\u7d20-160-x-40-\u50cf\u7d20-1440-x-733-\u50cf\u7d20-360-x-200-\u50cf\u7d20-9-150x150.jpg 150w, https:\/\/tpsonpower.com\/wp-content\/uploads\/2025\/10\/AiE-1920-x-300-\u50cf\u7d20-1254-x-600-\u50cf\u7d20-600-x-600-\u50cf\u7d20-1254-x-600-\u50cf\u7d20-600-x-400-\u50cf\u7d20-2000-x-1333-\u50cf\u7d20-160-x-40-\u50cf\u7d20-1440-x-733-\u50cf\u7d20-360-x-200-\u50cf\u7d20-9-768x768.jpg 768w, https:\/\/tpsonpower.com\/wp-content\/uploads\/2025\/10\/AiE-1920-x-300-\u50cf\u7d20-1254-x-600-\u50cf\u7d20-600-x-600-\u50cf\u7d20-1254-x-600-\u50cf\u7d20-600-x-400-\u50cf\u7d20-2000-x-1333-\u50cf\u7d20-160-x-40-\u50cf\u7d20-1440-x-733-\u50cf\u7d20-360-x-200-\u50cf\u7d20-9.jpg 1269w\" sizes=\"(max-width: 800px) 100vw, 800px\" title=\"\">\t\t\t\t\t\t\t\t<\/a>\n\t\t\t\t\t\t\t\t\t\t\t\t\t\t\t<\/div>\n\t\t\t\t<div class=\"elementor-element elementor-element-2d47a73 elementor-widget elementor-widget-heading\" data-id=\"2d47a73\" data-element_type=\"widget\" data-e-type=\"widget\" data-widget_type=\"heading.default\">\n\t\t\t\t\t<h6 class=\"elementor-heading-title elementor-size-default\"><a href=\"https:\/\/tpsonpower.com\/tp-dy300-keypad-prepaid-smart-energy-meter\/\">\nTP-DY300 Compteur d'\u00e9nergie intelligent pr\u00e9pay\u00e9 \u00e0 clavier<\/a><\/h6>\t\t\t\t<\/div>\n\t\t\t\t<\/div>\n\t\t\t\t<\/div>\n\t\t<div class=\"elementor-element elementor-element-4ccfa96 e-con-full e-flex e-con e-child\" data-id=\"4ccfa96\" data-element_type=\"container\" data-e-type=\"container\">\n\t\t<div class=\"elementor-element elementor-element-6b6ece1 e-con-full e-flex e-con e-child\" data-id=\"6b6ece1\" data-element_type=\"container\" data-e-type=\"container\">\n\t\t\t\t<\/div>\n\t\t\t\t<\/div>\n\t\t<div class=\"elementor-element elementor-element-8fbf692 e-con-full e-flex e-con e-child\" data-id=\"8fbf692\" data-element_type=\"container\" data-e-type=\"container\">\n\t\t<div class=\"elementor-element elementor-element-099d415 e-con-full e-flex e-con e-child\" data-id=\"099d415\" data-element_type=\"container\" data-e-type=\"container\">\n\t\t\t\t<\/div>\n\t\t\t\t<\/div>\n\t\t\t\t\t<\/div>\n\t\t\t\t<\/div>\n\t\t\t\t<\/div>","protected":false},"excerpt":{"rendered":"<p>Compteurs d'\u00e9nergie Compteurs intelligents TP-DY200 Compteur d'\u00e9nergie intelligent TP-DY300 Compteur d'\u00e9nergie intelligent pr\u00e9pay\u00e9 \u00e0 clavier<\/p>","protected":false},"author":1,"featured_media":0,"parent":0,"menu_order":0,"comment_status":"closed","ping_status":"closed","template":"","meta":{"footnotes":""},"class_list":["post-2469","page","type-page","status-publish","hentry"],"_links":{"self":[{"href":"https:\/\/tpsonpower.com\/fr\/wp-json\/wp\/v2\/pages\/2469","targetHints":{"allow":["GET"]}}],"collection":[{"href":"https:\/\/tpsonpower.com\/fr\/wp-json\/wp\/v2\/pages"}],"about":[{"href":"https:\/\/tpsonpower.com\/fr\/wp-json\/wp\/v2\/types\/page"}],"author":[{"embeddable":true,"href":"https:\/\/tpsonpower.com\/fr\/wp-json\/wp\/v2\/users\/1"}],"replies":[{"embeddable":true,"href":"https:\/\/tpsonpower.com\/fr\/wp-json\/wp\/v2\/comments?post=2469"}],"version-history":[{"count":0,"href":"https:\/\/tpsonpower.com\/fr\/wp-json\/wp\/v2\/pages\/2469\/revisions"}],"wp:attachment":[{"href":"https:\/\/tpsonpower.com\/fr\/wp-json\/wp\/v2\/media?parent=2469"}],"curies":[{"name":"wp","href":"https:\/\/api.w.org\/{rel}","templated":true}]}}