{"id":186,"date":"2025-07-30T13:23:55","date_gmt":"2025-07-30T13:23:55","guid":{"rendered":"https:\/\/tpsonpower.com\/?page_id=186"},"modified":"2025-09-26T00:08:54","modified_gmt":"2025-09-26T00:08:54","slug":"tecnologia","status":"publish","type":"page","link":"https:\/\/tpsonpower.com\/es\/tecnologia\/","title":{"rendered":"tecnolog\u00eda"},"content":{"rendered":"<div data-elementor-type=\"wp-page\" data-elementor-id=\"186\" class=\"elementor elementor-186\" data-elementor-post-type=\"page\">\n\t\t\t\t\t\t<section class=\"elementor-section elementor-top-section elementor-element elementor-element-33156e29 elementor-section-height-min-height elementor-section-boxed elementor-section-height-default elementor-section-items-middle\" data-id=\"33156e29\" data-element_type=\"section\" data-e-type=\"section\" data-settings=\"{&quot;background_background&quot;:&quot;classic&quot;}\">\n\t\t\t\t\t\t\t<div class=\"elementor-background-overlay\"><\/div>\n\t\t\t\t\t\t\t<div class=\"elementor-container elementor-column-gap-no\">\n\t\t\t\t\t<div class=\"elementor-column elementor-col-100 elementor-top-column elementor-element elementor-element-72f2f38a\" data-id=\"72f2f38a\" data-element_type=\"column\" data-e-type=\"column\">\n\t\t\t<div class=\"elementor-widget-wrap elementor-element-populated\">\n\t\t\t\t\t\t<div class=\"elementor-element elementor-element-1d0555 elementor-widget elementor-widget-heading\" data-id=\"1d0555\" data-element_type=\"widget\" data-e-type=\"widget\" data-widget_type=\"heading.default\">\n\t\t\t\t\t<h1 class=\"elementor-heading-title elementor-size-default\">Nuestra tecnolog\u00eda<\/h1>\t\t\t\t<\/div>\n\t\t\t\t<div class=\"elementor-element elementor-element-6d1da530 elementor-icon-list--layout-inline elementor-align-center elementor-list-item-link-full_width elementor-widget elementor-widget-icon-list\" data-id=\"6d1da530\" data-element_type=\"widget\" data-e-type=\"widget\" data-widget_type=\"icon-list.default\">\n\t\t\t\t\t\t\t<ul class=\"elementor-icon-list-items elementor-inline-items\">\n\t\t\t\t\t\t\t<li class=\"elementor-icon-list-item elementor-inline-item\">\n\t\t\t\t\t\t\t\t\t\t<span class=\"elementor-icon-list-text\">Inicio<\/span>\n\t\t\t\t\t\t\t\t\t<\/li>\n\t\t\t\t\t\t\t\t<li class=\"elementor-icon-list-item elementor-inline-item\">\n\t\t\t\t\t\t\t\t\t\t\t<span class=\"elementor-icon-list-icon\">\n\t\t\t\t\t\t\t<i aria-hidden=\"true\" class=\"icon icon-favorites\"><\/i>\t\t\t\t\t\t<\/span>\n\t\t\t\t\t\t\t\t\t\t<span class=\"elementor-icon-list-text\">Nuestra tecnolog\u00eda<\/span>\n\t\t\t\t\t\t\t\t\t<\/li>\n\t\t\t\t\t\t<\/ul>\n\t\t\t\t\t\t<\/div>\n\t\t\t\t\t<\/div>\n\t\t<\/div>\n\t\t\t\t\t<\/div>\n\t\t<\/section>\n\t\t\t\t<section class=\"elementor-section elementor-top-section elementor-element elementor-element-c8cb091 elementor-section-boxed elementor-section-height-default elementor-section-height-default\" data-id=\"c8cb091\" data-element_type=\"section\" data-e-type=\"section\" data-settings=\"{&quot;background_background&quot;:&quot;classic&quot;}\">\n\t\t\t\t\t\t\t<div class=\"elementor-background-overlay\"><\/div>\n\t\t\t\t\t\t\t<div class=\"elementor-container elementor-column-gap-no\">\n\t\t\t\t\t<div class=\"elementor-column elementor-col-100 elementor-top-column elementor-element elementor-element-22f99328\" data-id=\"22f99328\" data-element_type=\"column\" data-e-type=\"column\">\n\t\t\t<div class=\"elementor-widget-wrap elementor-element-populated\">\n\t\t\t\t\t\t<section class=\"elementor-section elementor-inner-section elementor-element elementor-element-767823ea elementor-section-content-middle elementor-section-boxed elementor-section-height-default elementor-section-height-default\" data-id=\"767823ea\" data-element_type=\"section\" data-e-type=\"section\">\n\t\t\t\t\t\t<div class=\"elementor-container elementor-column-gap-default\">\n\t\t\t\t\t<div class=\"elementor-column elementor-col-100 elementor-inner-column elementor-element elementor-element-666d443e\" data-id=\"666d443e\" data-element_type=\"column\" data-e-type=\"column\">\n\t\t\t<div class=\"elementor-widget-wrap elementor-element-populated\">\n\t\t\t\t\t\t<div class=\"elementor-element elementor-element-2fedbea1 elementor-widget elementor-widget-heading\" data-id=\"2fedbea1\" data-element_type=\"widget\" data-e-type=\"widget\" data-widget_type=\"heading.default\">\n\t\t\t\t\t<h3 class=\"elementor-heading-title elementor-size-default\">Algoritmo actual de huellas dactilares<\/h3>\t\t\t\t<\/div>\n\t\t\t\t<div class=\"elementor-element elementor-element-34d1353 elementor-widget elementor-widget-spacer\" data-id=\"34d1353\" data-element_type=\"widget\" data-e-type=\"widget\" data-widget_type=\"spacer.default\">\n\t\t\t\t\t\t\t<div class=\"elementor-spacer\">\n\t\t\t<div class=\"elementor-spacer-inner\"><\/div>\n\t\t<\/div>\n\t\t\t\t\t\t<\/div>\n\t\t\t\t\t<\/div>\n\t\t<\/div>\n\t\t\t\t\t<\/div>\n\t\t<\/section>\n\t\t\t\t<section class=\"elementor-section elementor-inner-section elementor-element elementor-element-3b2d0ac3 elementor-section-boxed elementor-section-height-default elementor-section-height-default\" data-id=\"3b2d0ac3\" data-element_type=\"section\" data-e-type=\"section\">\n\t\t\t\t\t\t<div class=\"elementor-container elementor-column-gap-default\">\n\t\t\t\t\t<div class=\"elementor-column elementor-col-100 elementor-inner-column elementor-element elementor-element-493070cd\" data-id=\"493070cd\" data-element_type=\"column\" data-e-type=\"column\">\n\t\t\t<div class=\"elementor-widget-wrap elementor-element-populated\">\n\t\t\t\t\t\t<div class=\"elementor-element elementor-element-d52f762 elementor-widget elementor-widget-text-editor\" data-id=\"d52f762\" data-element_type=\"widget\" data-e-type=\"widget\" data-widget_type=\"text-editor.default\">\n\t\t\t\t\t\t\t\t\t<p>Cada dispositivo tiene un perfil el\u00e9ctrico \u00fanico. Aislar ese perfil e identificar un \u00fanico<br \/>dispositivo entre cientos de otros funcionando simult\u00e1neamente es el desaf\u00edo que TPSON<br \/>se propuso superar desde un principio. Ahora, con una d\u00e9cada de experiencia experta, hemos logrado no<br \/>solo una precisi\u00f3n del 97.3%, sino tambi\u00e9n velocidades inferiores a 3 segundos.<\/p><p>Nuestro algoritmo patentado de Huella Digital de Corriente filtra eficazmente el ruido de fondo de<br \/>sistemas el\u00e9ctricos congestionados e identifica r\u00e1pidamente cada dispositivo conectado a dicho sistema. Basada en un<br \/>fundamento de 20 millones de puntos de datos de referencia, nuestra tecnolog\u00eda integra la computaci\u00f3n de borde<br \/>con la nube, garantizando resultados r\u00e1pidos y fiables.<\/p><p>Las aplicaciones de esta tecnolog\u00eda son amplias, desde la gesti\u00f3n del consumo energ\u00e9tico<br \/>en hogares y empresas hasta la monitorizaci\u00f3n de la seguridad el\u00e9ctrica mediante an\u00e1lisis de datos<br \/>en tiempo real. Permite la monitorizaci\u00f3n a nivel de dispositivo del uso de energ\u00eda y alertas oportunas de estados<br \/>de fallo peligrosos. Nuestro muestreo de corriente de alta frecuencia tambi\u00e9n permite a nuestro algoritmo detectar y<br \/>alertar sobre estados an\u00f3malos del equipo, permitiendo a los propietarios tomar medidas de mantenimiento<br \/>preventivo antes de que surjan problemas m\u00e1s graves.<\/p><p>En un mundo cada vez m\u00e1s electrificado y impulsado por la tecnolog\u00eda, la gesti\u00f3n inteligente de la energ\u00eda es una<br \/>necesidad tanto para ahorrar dinero como para proteger el medio ambiente. La Tecnolog\u00eda de Huella Digital de Corriente de TPSON<br \/>dota a miles de hogares y empresas de conocimiento y control total sobre<br \/>su energ\u00eda.<\/p>\t\t\t\t\t\t\t\t<\/div>\n\t\t\t\t<div class=\"elementor-element elementor-element-ef1a5ac elementor-widget__width-initial elementor-widget elementor-widget-image\" data-id=\"ef1a5ac\" data-element_type=\"widget\" data-e-type=\"widget\" data-widget_type=\"image.default\">\n\t\t\t\t\t\t\t\t\t\t\t\t\t\t\t<img fetchpriority=\"high\" decoding=\"async\" width=\"900\" height=\"504\" src=\"https:\/\/tpsonpower.com\/wp-content\/uploads\/2025\/08\/Technology\u80cc\u666f\u56fe-1.png\" class=\"attachment-full size-full wp-image-482\" alt=\"Banner de tecnolog\u00eda\" srcset=\"https:\/\/tpsonpower.com\/wp-content\/uploads\/2025\/08\/Technology\u80cc\u666f\u56fe-1.png 900w, https:\/\/tpsonpower.com\/wp-content\/uploads\/2025\/08\/Technology\u80cc\u666f\u56fe-1-300x168.png 300w, https:\/\/tpsonpower.com\/wp-content\/uploads\/2025\/08\/Technology\u80cc\u666f\u56fe-1-768x430.png 768w, https:\/\/tpsonpower.com\/wp-content\/uploads\/2025\/08\/Technology\u80cc\u666f\u56fe-1-600x336.png 600w\" sizes=\"(max-width: 900px) 100vw, 900px\" title=\"\">\t\t\t\t\t\t\t\t\t\t\t\t\t\t\t<\/div>\n\t\t\t\t\t<\/div>\n\t\t<\/div>\n\t\t\t\t\t<\/div>\n\t\t<\/section>\n\t\t\t\t\t<\/div>\n\t\t<\/div>\n\t\t\t\t\t<\/div>\n\t\t<\/section>\n\t\t\t\t<section class=\"elementor-section elementor-top-section elementor-element elementor-element-b6eec92 elementor-section-boxed elementor-section-height-default elementor-section-height-default\" data-id=\"b6eec92\" data-element_type=\"section\" data-e-type=\"section\" data-settings=\"{&quot;background_background&quot;:&quot;classic&quot;}\">\n\t\t\t\t\t\t\t<div class=\"elementor-background-overlay\"><\/div>\n\t\t\t\t\t\t\t<div class=\"elementor-container elementor-column-gap-no\">\n\t\t\t\t\t<div class=\"elementor-column elementor-col-100 elementor-top-column elementor-element elementor-element-4e88604\" data-id=\"4e88604\" data-element_type=\"column\" data-e-type=\"column\">\n\t\t\t<div class=\"elementor-widget-wrap elementor-element-populated\">\n\t\t\t\t\t\t<section class=\"elementor-section elementor-inner-section elementor-element elementor-element-26bfcbb elementor-section-content-middle elementor-section-boxed elementor-section-height-default elementor-section-height-default\" data-id=\"26bfcbb\" data-element_type=\"section\" data-e-type=\"section\">\n\t\t\t\t\t\t<div class=\"elementor-container elementor-column-gap-default\">\n\t\t\t\t\t<div class=\"elementor-column elementor-col-100 elementor-inner-column elementor-element elementor-element-4bf5364\" data-id=\"4bf5364\" data-element_type=\"column\" data-e-type=\"column\">\n\t\t\t<div class=\"elementor-widget-wrap elementor-element-populated\">\n\t\t\t\t\t\t<div class=\"elementor-element elementor-element-b62c49b elementor-widget elementor-widget-heading\" data-id=\"b62c49b\" data-element_type=\"widget\" data-e-type=\"widget\" data-widget_type=\"heading.default\">\n\t\t\t\t\t<h3 class=\"elementor-heading-title elementor-size-default\">Casos de Estudio<\/h3>\t\t\t\t<\/div>\n\t\t\t\t<div class=\"elementor-element elementor-element-5badef4 elementor-widget elementor-widget-spacer\" data-id=\"5badef4\" data-element_type=\"widget\" data-e-type=\"widget\" data-widget_type=\"spacer.default\">\n\t\t\t\t\t\t\t<div class=\"elementor-spacer\">\n\t\t\t<div class=\"elementor-spacer-inner\"><\/div>\n\t\t<\/div>\n\t\t\t\t\t\t<\/div>\n\t\t\t\t\t<\/div>\n\t\t<\/div>\n\t\t\t\t\t<\/div>\n\t\t<\/section>\n\t\t\t\t<section class=\"elementor-section elementor-inner-section elementor-element elementor-element-c2f9adf elementor-section-boxed elementor-section-height-default elementor-section-height-default\" data-id=\"c2f9adf\" data-element_type=\"section\" data-e-type=\"section\">\n\t\t\t\t\t\t<div class=\"elementor-container elementor-column-gap-default\">\n\t\t\t\t\t<div class=\"elementor-column elementor-col-50 elementor-inner-column elementor-element elementor-element-289a0d5\" data-id=\"289a0d5\" data-element_type=\"column\" data-e-type=\"column\">\n\t\t\t<div class=\"elementor-widget-wrap elementor-element-populated\">\n\t\t\t\t\t\t<div class=\"elementor-element elementor-element-7222c52 elementor-widget__width-auto elementor-widget elementor-widget-image\" data-id=\"7222c52\" data-element_type=\"widget\" data-e-type=\"widget\" data-widget_type=\"image.default\">\n\t\t\t\t\t\t\t\t\t\t\t\t\t\t\t<img decoding=\"async\" width=\"800\" height=\"534\" src=\"https:\/\/tpsonpower.com\/wp-content\/uploads\/2025\/08\/2-1.png\" class=\"attachment-full size-full wp-image-407\" alt=\"Chongqing\" srcset=\"https:\/\/tpsonpower.com\/wp-content\/uploads\/2025\/08\/2-1.png 800w, https:\/\/tpsonpower.com\/wp-content\/uploads\/2025\/08\/2-1-300x200.png 300w, https:\/\/tpsonpower.com\/wp-content\/uploads\/2025\/08\/2-1-768x513.png 768w, https:\/\/tpsonpower.com\/wp-content\/uploads\/2025\/08\/2-1-600x401.png 600w\" sizes=\"(max-width: 800px) 100vw, 800px\" title=\"\">\t\t\t\t\t\t\t\t\t\t\t\t\t\t\t<\/div>\n\t\t\t\t\t<\/div>\n\t\t<\/div>\n\t\t\t\t<div class=\"elementor-column elementor-col-50 elementor-inner-column elementor-element elementor-element-ce02a38\" data-id=\"ce02a38\" data-element_type=\"column\" data-e-type=\"column\">\n\t\t\t<div class=\"elementor-widget-wrap elementor-element-populated\">\n\t\t\t\t\t\t<div class=\"elementor-element elementor-element-4f15ec8 elementor-widget elementor-widget-heading\" data-id=\"4f15ec8\" data-element_type=\"widget\" data-e-type=\"widget\" data-widget_type=\"heading.default\">\n\t\t\t\t\t<h5 class=\"elementor-heading-title elementor-size-default\">Chongqing<\/h5>\t\t\t\t<\/div>\n\t\t\t\t<div class=\"elementor-element elementor-element-ceb3a09 elementor-widget elementor-widget-heading\" data-id=\"ceb3a09\" data-element_type=\"widget\" data-e-type=\"widget\" data-widget_type=\"heading.default\">\n\t\t\t\t\t<p class=\"elementor-heading-title elementor-size-default\">Chongqing es un municipio importante de China con una poblaci\u00f3n de m\u00e1s de 32 millones de habitantes. TPSON.<\/p>\t\t\t\t<\/div>\n\t\t\t\t\t<\/div>\n\t\t<\/div>\n\t\t\t\t\t<\/div>\n\t\t<\/section>\n\t\t\t\t<section class=\"elementor-section elementor-inner-section elementor-element elementor-element-a8ab074 elementor-section-boxed elementor-section-height-default elementor-section-height-default\" data-id=\"a8ab074\" data-element_type=\"section\" data-e-type=\"section\">\n\t\t\t\t\t\t<div class=\"elementor-container elementor-column-gap-default\">\n\t\t\t\t\t<div class=\"elementor-column elementor-col-50 elementor-inner-column elementor-element elementor-element-2fc62c5\" data-id=\"2fc62c5\" data-element_type=\"column\" data-e-type=\"column\">\n\t\t\t<div class=\"elementor-widget-wrap elementor-element-populated\">\n\t\t\t\t\t\t<div class=\"elementor-element elementor-element-34eb3f6 elementor-widget elementor-widget-heading\" data-id=\"34eb3f6\" data-element_type=\"widget\" data-e-type=\"widget\" data-widget_type=\"heading.default\">\n\t\t\t\t\t<h5 class=\"elementor-heading-title elementor-size-default\">Convenci\u00f3n de las Naciones Unidas sobre la Diversidad Biol\u00f3gica<\/h5>\t\t\t\t<\/div>\n\t\t\t\t<div class=\"elementor-element elementor-element-d7f0299 elementor-widget elementor-widget-heading\" data-id=\"d7f0299\" data-element_type=\"widget\" data-e-type=\"widget\" data-widget_type=\"heading.default\">\n\t\t\t\t\t<p class=\"elementor-heading-title elementor-size-default\">La primera parte de la Convenci\u00f3n de las Naciones Unidas sobre la Diversidad Biol\u00f3gica tuvo lugar en Kunming, provincia de Yunnan,.<\/p>\t\t\t\t<\/div>\n\t\t\t\t\t<\/div>\n\t\t<\/div>\n\t\t\t\t<div class=\"elementor-column elementor-col-50 elementor-inner-column elementor-element elementor-element-7805d33\" data-id=\"7805d33\" data-element_type=\"column\" data-e-type=\"column\">\n\t\t\t<div class=\"elementor-widget-wrap elementor-element-populated\">\n\t\t\t\t\t\t<div class=\"elementor-element elementor-element-f31cc6b elementor-widget__width-auto elementor-widget elementor-widget-image\" data-id=\"f31cc6b\" data-element_type=\"widget\" data-e-type=\"widget\" data-widget_type=\"image.default\">\n\t\t\t\t\t\t\t\t\t\t\t\t\t\t\t<img decoding=\"async\" width=\"1858\" height=\"1239\" src=\"https:\/\/tpsonpower.com\/wp-content\/uploads\/2025\/08\/3-1.png\" class=\"attachment-full size-full wp-image-408\" alt=\"Convenci\u00f3n de las Naciones Unidas sobre la Diversidad Biol\u00f3gica\" srcset=\"https:\/\/tpsonpower.com\/wp-content\/uploads\/2025\/08\/3-1.png 1858w, https:\/\/tpsonpower.com\/wp-content\/uploads\/2025\/08\/3-1-300x200.png 300w, https:\/\/tpsonpower.com\/wp-content\/uploads\/2025\/08\/3-1-1024x683.png 1024w, https:\/\/tpsonpower.com\/wp-content\/uploads\/2025\/08\/3-1-768x512.png 768w, https:\/\/tpsonpower.com\/wp-content\/uploads\/2025\/08\/3-1-1536x1024.png 1536w, https:\/\/tpsonpower.com\/wp-content\/uploads\/2025\/08\/3-1-600x400.png 600w\" sizes=\"(max-width: 1858px) 100vw, 1858px\" title=\"\">\t\t\t\t\t\t\t\t\t\t\t\t\t\t\t<\/div>\n\t\t\t\t\t<\/div>\n\t\t<\/div>\n\t\t\t\t\t<\/div>\n\t\t<\/section>\n\t\t\t\t<section class=\"elementor-section elementor-inner-section elementor-element elementor-element-6a72754 elementor-section-boxed elementor-section-height-default elementor-section-height-default\" data-id=\"6a72754\" data-element_type=\"section\" data-e-type=\"section\">\n\t\t\t\t\t\t<div class=\"elementor-container elementor-column-gap-default\">\n\t\t\t\t\t<div class=\"elementor-column elementor-col-50 elementor-inner-column elementor-element elementor-element-cc24853\" data-id=\"cc24853\" data-element_type=\"column\" data-e-type=\"column\">\n\t\t\t<div class=\"elementor-widget-wrap elementor-element-populated\">\n\t\t\t\t\t\t<div class=\"elementor-element elementor-element-a46c12f elementor-widget__width-auto elementor-widget elementor-widget-image\" data-id=\"a46c12f\" data-element_type=\"widget\" data-e-type=\"widget\" data-widget_type=\"image.default\">\n\t\t\t\t\t\t\t\t\t\t\t\t\t\t\t<img loading=\"lazy\" decoding=\"async\" width=\"887\" height=\"633\" src=\"https:\/\/tpsonpower.com\/wp-content\/uploads\/2025\/08\/4-1.png\" class=\"attachment-full size-full wp-image-409\" alt=\"Avenida Chang\u2019an (Beijing)\" srcset=\"https:\/\/tpsonpower.com\/wp-content\/uploads\/2025\/08\/4-1.png 887w, https:\/\/tpsonpower.com\/wp-content\/uploads\/2025\/08\/4-1-300x214.png 300w, https:\/\/tpsonpower.com\/wp-content\/uploads\/2025\/08\/4-1-768x548.png 768w, https:\/\/tpsonpower.com\/wp-content\/uploads\/2025\/08\/4-1-600x428.png 600w\" sizes=\"(max-width: 887px) 100vw, 887px\" title=\"\">\t\t\t\t\t\t\t\t\t\t\t\t\t\t\t<\/div>\n\t\t\t\t\t<\/div>\n\t\t<\/div>\n\t\t\t\t<div class=\"elementor-column elementor-col-50 elementor-inner-column elementor-element elementor-element-f3511dd\" data-id=\"f3511dd\" data-element_type=\"column\" data-e-type=\"column\">\n\t\t\t<div class=\"elementor-widget-wrap elementor-element-populated\">\n\t\t\t\t\t\t<div class=\"elementor-element elementor-element-a86a446 elementor-widget elementor-widget-heading\" data-id=\"a86a446\" data-element_type=\"widget\" data-e-type=\"widget\" data-widget_type=\"heading.default\">\n\t\t\t\t\t<h5 class=\"elementor-heading-title elementor-size-default\">Avenida Chang\u2019an (Beijing)<\/h5>\t\t\t\t<\/div>\n\t\t\t\t<div class=\"elementor-element elementor-element-fe4ffb4 elementor-widget elementor-widget-heading\" data-id=\"fe4ffb4\" data-element_type=\"widget\" data-e-type=\"widget\" data-widget_type=\"heading.default\">\n\t\t\t\t\t<p class=\"elementor-heading-title elementor-size-default\">Ubicada en Beijing, la Avenida Chang\u2019an es una calle larga y ancha frecuentada tanto por turistas como por.<\/p>\t\t\t\t<\/div>\n\t\t\t\t\t<\/div>\n\t\t<\/div>\n\t\t\t\t\t<\/div>\n\t\t<\/section>\n\t\t\t\t<section class=\"elementor-section elementor-inner-section elementor-element elementor-element-c84e4a4 elementor-section-boxed elementor-section-height-default elementor-section-height-default\" data-id=\"c84e4a4\" data-element_type=\"section\" data-e-type=\"section\">\n\t\t\t\t\t\t<div class=\"elementor-container elementor-column-gap-default\">\n\t\t\t\t\t<div class=\"elementor-column elementor-col-50 elementor-inner-column elementor-element elementor-element-27d30c6\" data-id=\"27d30c6\" data-element_type=\"column\" data-e-type=\"column\">\n\t\t\t<div class=\"elementor-widget-wrap elementor-element-populated\">\n\t\t\t\t\t\t<div class=\"elementor-element elementor-element-17a6025 elementor-widget elementor-widget-heading\" data-id=\"17a6025\" data-element_type=\"widget\" data-e-type=\"widget\" data-widget_type=\"heading.default\">\n\t\t\t\t\t<h5 class=\"elementor-heading-title elementor-size-default\">China Aviation Lithium Battery (CALB)<\/h5>\t\t\t\t<\/div>\n\t\t\t\t<div class=\"elementor-element elementor-element-87bb010 elementor-widget elementor-widget-heading\" data-id=\"87bb010\" data-element_type=\"widget\" data-e-type=\"widget\" data-widget_type=\"heading.default\">\n\t\t\t\t\t<p class=\"elementor-heading-title elementor-size-default\">CALB es uno de los principales fabricantes chinos de bater\u00edas de iones de litio para veh\u00edculos el\u00e9ctricos y.<\/p>\t\t\t\t<\/div>\n\t\t\t\t\t<\/div>\n\t\t<\/div>\n\t\t\t\t<div class=\"elementor-column elementor-col-50 elementor-inner-column elementor-element elementor-element-7bd397b\" data-id=\"7bd397b\" data-element_type=\"column\" data-e-type=\"column\">\n\t\t\t<div class=\"elementor-widget-wrap elementor-element-populated\">\n\t\t\t\t\t\t<div class=\"elementor-element elementor-element-c6a1c27 elementor-widget__width-auto elementor-widget elementor-widget-image\" data-id=\"c6a1c27\" data-element_type=\"widget\" data-e-type=\"widget\" data-widget_type=\"image.default\">\n\t\t\t\t\t\t\t\t\t\t\t\t\t\t\t<img loading=\"lazy\" decoding=\"async\" width=\"887\" height=\"645\" src=\"https:\/\/tpsonpower.com\/wp-content\/uploads\/2025\/08\/5-1.png\" class=\"attachment-full size-full wp-image-410\" alt=\"China Aviation Lithium Battery (CALB)\" srcset=\"https:\/\/tpsonpower.com\/wp-content\/uploads\/2025\/08\/5-1.png 887w, https:\/\/tpsonpower.com\/wp-content\/uploads\/2025\/08\/5-1-300x218.png 300w, https:\/\/tpsonpower.com\/wp-content\/uploads\/2025\/08\/5-1-768x558.png 768w, https:\/\/tpsonpower.com\/wp-content\/uploads\/2025\/08\/5-1-600x436.png 600w\" sizes=\"(max-width: 887px) 100vw, 887px\" title=\"\">\t\t\t\t\t\t\t\t\t\t\t\t\t\t\t<\/div>\n\t\t\t\t\t<\/div>\n\t\t<\/div>\n\t\t\t\t\t<\/div>\n\t\t<\/section>\n\t\t\t\t<section class=\"elementor-section elementor-inner-section elementor-element elementor-element-89e1b26 elementor-section-boxed elementor-section-height-default elementor-section-height-default\" data-id=\"89e1b26\" data-element_type=\"section\" data-e-type=\"section\">\n\t\t\t\t\t\t<div class=\"elementor-container elementor-column-gap-default\">\n\t\t\t\t\t<div class=\"elementor-column elementor-col-50 elementor-inner-column elementor-element elementor-element-6ca7f69\" data-id=\"6ca7f69\" data-element_type=\"column\" data-e-type=\"column\">\n\t\t\t<div class=\"elementor-widget-wrap elementor-element-populated\">\n\t\t\t\t\t\t<div class=\"elementor-element elementor-element-8015477 elementor-widget__width-auto elementor-widget elementor-widget-image\" data-id=\"8015477\" data-element_type=\"widget\" data-e-type=\"widget\" data-widget_type=\"image.default\">\n\t\t\t\t\t\t\t\t\t\t\t\t\t\t\t<img loading=\"lazy\" decoding=\"async\" width=\"895\" height=\"650\" src=\"https:\/\/tpsonpower.com\/wp-content\/uploads\/2025\/08\/6-1.png\" class=\"attachment-full size-full wp-image-411\" alt=\"Seguridad contra Incendios Universitaria\" srcset=\"https:\/\/tpsonpower.com\/wp-content\/uploads\/2025\/08\/6-1.png 895w, https:\/\/tpsonpower.com\/wp-content\/uploads\/2025\/08\/6-1-300x218.png 300w, https:\/\/tpsonpower.com\/wp-content\/uploads\/2025\/08\/6-1-768x558.png 768w, https:\/\/tpsonpower.com\/wp-content\/uploads\/2025\/08\/6-1-600x436.png 600w\" sizes=\"(max-width: 895px) 100vw, 895px\" title=\"\">\t\t\t\t\t\t\t\t\t\t\t\t\t\t\t<\/div>\n\t\t\t\t\t<\/div>\n\t\t<\/div>\n\t\t\t\t<div class=\"elementor-column elementor-col-50 elementor-inner-column elementor-element elementor-element-9f99b33\" data-id=\"9f99b33\" data-element_type=\"column\" data-e-type=\"column\">\n\t\t\t<div class=\"elementor-widget-wrap elementor-element-populated\">\n\t\t\t\t\t\t<div class=\"elementor-element elementor-element-759ce0c elementor-widget elementor-widget-heading\" data-id=\"759ce0c\" data-element_type=\"widget\" data-e-type=\"widget\" data-widget_type=\"heading.default\">\n\t\t\t\t\t<h5 class=\"elementor-heading-title elementor-size-default\">Seguridad contra Incendios Universitaria<\/h5>\t\t\t\t<\/div>\n\t\t\t\t<div class=\"elementor-element elementor-element-529e0b7 elementor-widget elementor-widget-heading\" data-id=\"529e0b7\" data-element_type=\"widget\" data-e-type=\"widget\" data-widget_type=\"heading.default\">\n\t\t\t\t\t<p class=\"elementor-heading-title elementor-size-default\">Con la educaci\u00f3n implementando cada vez m\u00e1s nueva tecnolog\u00eda en sus planes de estudio, las universidades deben.<\/p>\t\t\t\t<\/div>\n\t\t\t\t\t<\/div>\n\t\t<\/div>\n\t\t\t\t\t<\/div>\n\t\t<\/section>\n\t\t\t\t\t<\/div>\n\t\t<\/div>\n\t\t\t\t\t<\/div>\n\t\t<\/section>\n\t\t\t\t<\/div>","protected":false},"excerpt":{"rendered":"<p>Our Technology Home Our Technology Current Fingerprint Algorithm Every device has a unique electrical profile. Isolating that profile and identifying a singledevice among hundreds of other devices running simultaneously is the challenge that TPSONfirst set out to overcome. Now, with a decade of expert experience, we have succeeded notonly with 97% accuracy, but also with [&hellip;]<\/p>","protected":false},"author":1,"featured_media":0,"parent":0,"menu_order":0,"comment_status":"closed","ping_status":"closed","template":"","meta":{"footnotes":""},"class_list":["post-186","page","type-page","status-publish","hentry"],"_links":{"self":[{"href":"https:\/\/tpsonpower.com\/es\/wp-json\/wp\/v2\/pages\/186","targetHints":{"allow":["GET"]}}],"collection":[{"href":"https:\/\/tpsonpower.com\/es\/wp-json\/wp\/v2\/pages"}],"about":[{"href":"https:\/\/tpsonpower.com\/es\/wp-json\/wp\/v2\/types\/page"}],"author":[{"embeddable":true,"href":"https:\/\/tpsonpower.com\/es\/wp-json\/wp\/v2\/users\/1"}],"replies":[{"embeddable":true,"href":"https:\/\/tpsonpower.com\/es\/wp-json\/wp\/v2\/comments?post=186"}],"version-history":[{"count":0,"href":"https:\/\/tpsonpower.com\/es\/wp-json\/wp\/v2\/pages\/186\/revisions"}],"wp:attachment":[{"href":"https:\/\/tpsonpower.com\/es\/wp-json\/wp\/v2\/media?parent=186"}],"curies":[{"name":"wp","href":"https:\/\/api.w.org\/{rel}","templated":true}]}}