{"id":1239,"date":"2025-09-25T00:01:27","date_gmt":"2025-09-25T00:01:27","guid":{"rendered":"https:\/\/tpsonpower.com\/?page_id=1239"},"modified":"2025-10-30T00:27:47","modified_gmt":"2025-10-30T00:27:47","slug":"ev-chargers","status":"publish","type":"page","link":"https:\/\/tpsonpower.com\/de\/ev-chargers\/","title":{"rendered":"EV-Ladeger\u00e4te"},"content":{"rendered":"<div data-elementor-type=\"wp-page\" data-elementor-id=\"1239\" class=\"elementor elementor-1239\" data-elementor-post-type=\"page\">\n\t\t\t\t\t\t<section class=\"elementor-section elementor-top-section elementor-element elementor-element-1855ea1 elementor-section-height-min-height elementor-section-boxed elementor-section-height-default elementor-section-items-middle\" data-id=\"1855ea1\" data-element_type=\"section\" data-e-type=\"section\" data-settings=\"{&quot;background_background&quot;:&quot;classic&quot;}\">\n\t\t\t\t\t\t\t<div class=\"elementor-background-overlay\"><\/div>\n\t\t\t\t\t\t\t<div class=\"elementor-container elementor-column-gap-no\">\n\t\t\t\t\t<div class=\"elementor-column elementor-col-100 elementor-top-column elementor-element elementor-element-5fc02d3\" data-id=\"5fc02d3\" data-element_type=\"column\" data-e-type=\"column\">\n\t\t\t<div class=\"elementor-widget-wrap elementor-element-populated\">\n\t\t\t\t\t\t<div class=\"elementor-element elementor-element-44b3d60 elementor-widget elementor-widget-heading\" data-id=\"44b3d60\" data-element_type=\"widget\" data-e-type=\"widget\" data-widget_type=\"heading.default\">\n\t\t\t\t\t<h1 class=\"elementor-heading-title elementor-size-default\">EV-Ladeger\u00e4te<\/h1>\t\t\t\t<\/div>\n\t\t\t\t\t<\/div>\n\t\t<\/div>\n\t\t\t\t\t<\/div>\n\t\t<\/section>\n\t\t<div class=\"elementor-element elementor-element-ff8c401 e-flex e-con-boxed e-con e-parent\" data-id=\"ff8c401\" data-element_type=\"container\" data-e-type=\"container\">\n\t\t\t\t\t<div class=\"e-con-inner\">\n\t\t<div class=\"elementor-element elementor-element-e490f62 e-con-full e-flex e-con e-child\" data-id=\"e490f62\" data-element_type=\"container\" data-e-type=\"container\">\n\t\t\t\t<div class=\"elementor-element elementor-element-b934619 elementor-widget elementor-widget-text-editor\" data-id=\"b934619\" data-element_type=\"widget\" data-e-type=\"widget\" data-widget_type=\"text-editor.default\">\n\t\t\t\t\t\t\t\t\t<p>TPSON bietet ein umfassendes Angebot an intelligenten Ladel\u00f6sungen f\u00fcr Elektrofahrzeuge<\/p><p>entwickelt f\u00fcr Zuverl\u00e4ssigkeit, Effizienz und nahtlose Integration in Ihr Leben.<\/p><p>Unsere Produktlinie umfasst vielseitige AC-Ladeger\u00e4te mit innovativem Dynamic Load Balancing, um<\/p><p>die elektrische Anlage Ihres Hauses zu sch\u00fctzen, sowie kompakte, leistungsstarke DC-Schnellladeger\u00e4te f\u00fcr<\/p><p>kommerzielle und Notfallanwendungen. Mit flexiblen Stromversorgungsoptionen, robuster Konnektivit\u00e4t,<\/p><p>und globalen Standardanschl\u00fcssen bietet TPSON eine zukunftssichere Ladeinfrastruktur f\u00fcr<\/p><p>Hauseigent\u00fcmer, Unternehmen und Fuhrparks gleicherma\u00dfen.<\/p>\t\t\t\t\t\t\t\t<\/div>\n\t\t\t\t<\/div>\n\t\t\t\t\t<\/div>\n\t\t\t\t<\/div>\n\t\t<div class=\"elementor-element elementor-element-0518fee e-flex e-con-boxed e-con e-parent\" data-id=\"0518fee\" data-element_type=\"container\" data-e-type=\"container\">\n\t\t\t\t\t<div class=\"e-con-inner\">\n\t\t<div class=\"elementor-element elementor-element-a3b9eb4 e-con-full e-flex e-con e-child\" data-id=\"a3b9eb4\" data-element_type=\"container\" data-e-type=\"container\">\n\t\t\t\t<div class=\"elementor-element elementor-element-e65b14d elementor-widget elementor-widget-heading\" data-id=\"e65b14d\" data-element_type=\"widget\" data-e-type=\"widget\" data-widget_type=\"heading.default\">\n\t\t\t\t\t<h2 class=\"elementor-heading-title elementor-size-default\">AC EV-Ladeger\u00e4te<\/h2>\t\t\t\t<\/div>\n\t\t\t\t<\/div>\n\t\t\t\t\t<\/div>\n\t\t\t\t<\/div>\n\t\t<div class=\"elementor-element elementor-element-6f91803 e-flex e-con-boxed e-con e-parent\" data-id=\"6f91803\" data-element_type=\"container\" data-e-type=\"container\">\n\t\t\t\t\t<div class=\"e-con-inner\">\n\t\t<div class=\"elementor-element elementor-element-0df582a e-con-full e-flex e-con e-child\" data-id=\"0df582a\" data-element_type=\"container\" data-e-type=\"container\">\n\t\t<div class=\"elementor-element elementor-element-77b22a2 e-con-full e-flex e-con e-child\" data-id=\"77b22a2\" data-element_type=\"container\" data-e-type=\"container\">\n\t\t\t\t<div class=\"elementor-element elementor-element-67954a3 elementor-widget elementor-widget-image\" data-id=\"67954a3\" data-element_type=\"widget\" data-e-type=\"widget\" data-widget_type=\"image.default\">\n\t\t\t\t\t\t\t\t\t\t\t\t\t\t\t\t<a href=\"https:\/\/tpsonpower.com\/tw-10-wallbox-ev-charger\/\">\n\t\t\t\t\t\t\t<img fetchpriority=\"high\" decoding=\"async\" width=\"800\" height=\"800\" src=\"https:\/\/tpsonpower.com\/wp-content\/uploads\/2025\/09\/\u4e3b\u56fe-5-1-1024x1024.png\" class=\"attachment-large size-large wp-image-617\" alt=\"Wallbox ev Ladeger\u00e4t\" srcset=\"https:\/\/tpsonpower.com\/wp-content\/uploads\/2025\/09\/\u4e3b\u56fe-5-1-1024x1024.png 1024w, https:\/\/tpsonpower.com\/wp-content\/uploads\/2025\/09\/\u4e3b\u56fe-5-1-300x300.png 300w, https:\/\/tpsonpower.com\/wp-content\/uploads\/2025\/09\/\u4e3b\u56fe-5-1-150x150.png 150w, https:\/\/tpsonpower.com\/wp-content\/uploads\/2025\/09\/\u4e3b\u56fe-5-1-768x768.png 768w, https:\/\/tpsonpower.com\/wp-content\/uploads\/2025\/09\/\u4e3b\u56fe-5-1-600x600.png 600w, https:\/\/tpsonpower.com\/wp-content\/uploads\/2025\/09\/\u4e3b\u56fe-5-1-100x100.png 100w, https:\/\/tpsonpower.com\/wp-content\/uploads\/2025\/09\/\u4e3b\u56fe-5-1.png 1500w\" sizes=\"(max-width: 800px) 100vw, 800px\" title=\"\">\t\t\t\t\t\t\t\t<\/a>\n\t\t\t\t\t\t\t\t\t\t\t\t\t\t\t<\/div>\n\t\t\t\t<div class=\"elementor-element elementor-element-f5b2c1c elementor-widget elementor-widget-heading\" data-id=\"f5b2c1c\" data-element_type=\"widget\" data-e-type=\"widget\" data-widget_type=\"heading.default\">\n\t\t\t\t\t<h6 class=\"elementor-heading-title elementor-size-default\"><a href=\"https:\/\/tpsonpower.com\/tw-10-wallbox-ev-charger\/\">TW-10 Wallbox eV Ladeger\u00e4t<\/a><\/h6>\t\t\t\t<\/div>\n\t\t\t\t<\/div>\n\t\t\t\t<\/div>\n\t\t<div class=\"elementor-element elementor-element-0d709b3 e-con-full e-flex e-con e-child\" data-id=\"0d709b3\" data-element_type=\"container\" data-e-type=\"container\">\n\t\t<div class=\"elementor-element elementor-element-e173203 e-con-full e-flex e-con e-child\" data-id=\"e173203\" data-element_type=\"container\" data-e-type=\"container\">\n\t\t\t\t<div class=\"elementor-element elementor-element-59d1bb6 elementor-widget elementor-widget-image\" data-id=\"59d1bb6\" data-element_type=\"widget\" data-e-type=\"widget\" data-widget_type=\"image.default\">\n\t\t\t\t\t\t\t\t\t\t\t\t\t\t\t\t<a href=\"https:\/\/tpsonpower.com\/tw-20-wallbox-ev-charger\/\">\n\t\t\t\t\t\t\t<img decoding=\"async\" width=\"800\" height=\"800\" src=\"https:\/\/tpsonpower.com\/wp-content\/uploads\/2025\/09\/\u4e3b\u56fe-1-2-1024x1024.png\" class=\"attachment-large size-large wp-image-768\" alt=\"Wallbox ev Ladeger\u00e4t\" srcset=\"https:\/\/tpsonpower.com\/wp-content\/uploads\/2025\/09\/\u4e3b\u56fe-1-2-1024x1024.png 1024w, https:\/\/tpsonpower.com\/wp-content\/uploads\/2025\/09\/\u4e3b\u56fe-1-2-300x300.png 300w, https:\/\/tpsonpower.com\/wp-content\/uploads\/2025\/09\/\u4e3b\u56fe-1-2-150x150.png 150w, https:\/\/tpsonpower.com\/wp-content\/uploads\/2025\/09\/\u4e3b\u56fe-1-2-768x768.png 768w, https:\/\/tpsonpower.com\/wp-content\/uploads\/2025\/09\/\u4e3b\u56fe-1-2.png 1500w\" sizes=\"(max-width: 800px) 100vw, 800px\" title=\"\">\t\t\t\t\t\t\t\t<\/a>\n\t\t\t\t\t\t\t\t\t\t\t\t\t\t\t<\/div>\n\t\t\t\t<div class=\"elementor-element elementor-element-066d477 elementor-widget elementor-widget-heading\" data-id=\"066d477\" data-element_type=\"widget\" data-e-type=\"widget\" data-widget_type=\"heading.default\">\n\t\t\t\t\t<h6 class=\"elementor-heading-title elementor-size-default\"><a href=\"https:\/\/tpsonpower.com\/tw-20-wallbox-ev-charger\/\">TW-20 Wallbox eV Ladeger\u00e4t<\/a><\/h6>\t\t\t\t<\/div>\n\t\t\t\t<\/div>\n\t\t\t\t<\/div>\n\t\t<div class=\"elementor-element elementor-element-eb64bf6 e-con-full e-flex e-con e-child\" data-id=\"eb64bf6\" data-element_type=\"container\" data-e-type=\"container\">\n\t\t<div class=\"elementor-element elementor-element-69a5df0 e-con-full e-flex e-con e-child\" data-id=\"69a5df0\" data-element_type=\"container\" data-e-type=\"container\">\n\t\t\t\t<div class=\"elementor-element elementor-element-3ce4217 elementor-widget elementor-widget-image\" data-id=\"3ce4217\" data-element_type=\"widget\" data-e-type=\"widget\" data-widget_type=\"image.default\">\n\t\t\t\t\t\t\t\t\t\t\t\t\t\t\t\t<a href=\"https:\/\/tpsonpower.com\/tw-30-wallbox-ev-charger\/\">\n\t\t\t\t\t\t\t<img decoding=\"async\" width=\"800\" height=\"800\" src=\"https:\/\/tpsonpower.com\/wp-content\/uploads\/2025\/09\/\u4e3b\u56fe-1-1024x1024.png\" class=\"attachment-large size-large wp-image-796\" alt=\"TPSON TP-30 EV-Ladestation\" srcset=\"https:\/\/tpsonpower.com\/wp-content\/uploads\/2025\/09\/\u4e3b\u56fe-1-1024x1024.png 1024w, https:\/\/tpsonpower.com\/wp-content\/uploads\/2025\/09\/\u4e3b\u56fe-1-300x300.png 300w, https:\/\/tpsonpower.com\/wp-content\/uploads\/2025\/09\/\u4e3b\u56fe-1-150x150.png 150w, https:\/\/tpsonpower.com\/wp-content\/uploads\/2025\/09\/\u4e3b\u56fe-1-768x768.png 768w, https:\/\/tpsonpower.com\/wp-content\/uploads\/2025\/09\/\u4e3b\u56fe-1.png 1500w\" sizes=\"(max-width: 800px) 100vw, 800px\" title=\"\">\t\t\t\t\t\t\t\t<\/a>\n\t\t\t\t\t\t\t\t\t\t\t\t\t\t\t<\/div>\n\t\t\t\t<div class=\"elementor-element elementor-element-9544378 elementor-widget elementor-widget-heading\" data-id=\"9544378\" data-element_type=\"widget\" data-e-type=\"widget\" data-widget_type=\"heading.default\">\n\t\t\t\t\t<h6 class=\"elementor-heading-title elementor-size-default\"><a href=\"https:\/\/tpsonpower.com\/tw-30-wallbox-ev-charger\/\">TW-30 Wallbox eV Ladeger\u00e4t<\/a><\/h6>\t\t\t\t<\/div>\n\t\t\t\t<\/div>\n\t\t\t\t<\/div>\n\t\t<div class=\"elementor-element elementor-element-6d49258 e-con-full e-flex e-con e-child\" data-id=\"6d49258\" data-element_type=\"container\" data-e-type=\"container\">\n\t\t<div class=\"elementor-element elementor-element-40138b7 e-con-full e-flex e-con e-child\" data-id=\"40138b7\" data-element_type=\"container\" data-e-type=\"container\">\n\t\t\t\t<div class=\"elementor-element elementor-element-5c8b5ae elementor-widget elementor-widget-image\" data-id=\"5c8b5ae\" data-element_type=\"widget\" data-e-type=\"widget\" data-widget_type=\"image.default\">\n\t\t\t\t\t\t\t\t\t\t\t\t\t\t\t\t<a href=\"https:\/\/tpsonpower.com\/tw-40-44kw-ev-charger\/\">\n\t\t\t\t\t\t\t<img loading=\"lazy\" decoding=\"async\" width=\"800\" height=\"800\" src=\"https:\/\/tpsonpower.com\/wp-content\/uploads\/2025\/09\/\u4e3b\u56fe-4-3-1024x1024.png\" class=\"attachment-large size-large wp-image-833\" alt=\"ev-Ladeger\u00e4t\" srcset=\"https:\/\/tpsonpower.com\/wp-content\/uploads\/2025\/09\/\u4e3b\u56fe-4-3-1024x1024.png 1024w, https:\/\/tpsonpower.com\/wp-content\/uploads\/2025\/09\/\u4e3b\u56fe-4-3-300x300.png 300w, https:\/\/tpsonpower.com\/wp-content\/uploads\/2025\/09\/\u4e3b\u56fe-4-3-150x150.png 150w, https:\/\/tpsonpower.com\/wp-content\/uploads\/2025\/09\/\u4e3b\u56fe-4-3-768x768.png 768w, https:\/\/tpsonpower.com\/wp-content\/uploads\/2025\/09\/\u4e3b\u56fe-4-3.png 1500w\" sizes=\"(max-width: 800px) 100vw, 800px\" title=\"\">\t\t\t\t\t\t\t\t<\/a>\n\t\t\t\t\t\t\t\t\t\t\t\t\t\t\t<\/div>\n\t\t\t\t<div class=\"elementor-element elementor-element-ad26016 elementor-widget elementor-widget-heading\" data-id=\"ad26016\" data-element_type=\"widget\" data-e-type=\"widget\" data-widget_type=\"heading.default\">\n\t\t\t\t\t<h6 class=\"elementor-heading-title elementor-size-default\"><a href=\"https:\/\/tpsonpower.com\/tw-40-44kw-ev-charger\/\">TW-40 Dual Gun Wallbox EV-Ladeger\u00e4t<\/a><\/h6>\t\t\t\t<\/div>\n\t\t\t\t<\/div>\n\t\t\t\t<\/div>\n\t\t\t\t\t<\/div>\n\t\t\t\t<\/div>\n\t\t<div class=\"elementor-element elementor-element-0396ed6 e-flex e-con-boxed e-con e-parent\" data-id=\"0396ed6\" data-element_type=\"container\" data-e-type=\"container\">\n\t\t\t\t\t<div class=\"e-con-inner\">\n\t\t<div class=\"elementor-element elementor-element-1343897 e-con-full e-flex e-con e-child\" data-id=\"1343897\" data-element_type=\"container\" data-e-type=\"container\">\n\t\t\t\t<div class=\"elementor-element elementor-element-63ef94e elementor-widget elementor-widget-heading\" data-id=\"63ef94e\" data-element_type=\"widget\" data-e-type=\"widget\" data-widget_type=\"heading.default\">\n\t\t\t\t\t<h2 class=\"elementor-heading-title elementor-size-default\">DC-EV-Ladeger\u00e4te<\/h2>\t\t\t\t<\/div>\n\t\t\t\t<\/div>\n\t\t\t\t\t<\/div>\n\t\t\t\t<\/div>\n\t\t<div class=\"elementor-element elementor-element-54126f4 e-flex e-con-boxed e-con e-parent\" data-id=\"54126f4\" data-element_type=\"container\" data-e-type=\"container\">\n\t\t\t\t\t<div class=\"e-con-inner\">\n\t\t<div class=\"elementor-element elementor-element-ba542cf e-con-full e-flex e-con e-child\" data-id=\"ba542cf\" data-element_type=\"container\" data-e-type=\"container\">\n\t\t<div class=\"elementor-element elementor-element-48227d4 e-con-full e-flex e-con e-child\" data-id=\"48227d4\" data-element_type=\"container\" data-e-type=\"container\">\n\t\t\t\t<div class=\"elementor-element elementor-element-8f186cf elementor-widget elementor-widget-image\" data-id=\"8f186cf\" data-element_type=\"widget\" data-e-type=\"widget\" data-widget_type=\"image.default\">\n\t\t\t\t\t\t\t\t\t\t\t\t\t\t\t\t<a href=\"https:\/\/tpsonpower.com\/portable-dc-ev-charger\/\">\n\t\t\t\t\t\t\t<img loading=\"lazy\" decoding=\"async\" width=\"800\" height=\"800\" src=\"https:\/\/tpsonpower.com\/wp-content\/uploads\/2025\/09\/\u4e3b\u56fe-4-4-1024x1024.png\" class=\"attachment-large size-large wp-image-1058\" alt=\"Industrielle EV-Ladestation\" srcset=\"https:\/\/tpsonpower.com\/wp-content\/uploads\/2025\/09\/\u4e3b\u56fe-4-4-1024x1024.png 1024w, https:\/\/tpsonpower.com\/wp-content\/uploads\/2025\/09\/\u4e3b\u56fe-4-4-300x300.png 300w, https:\/\/tpsonpower.com\/wp-content\/uploads\/2025\/09\/\u4e3b\u56fe-4-4-150x150.png 150w, https:\/\/tpsonpower.com\/wp-content\/uploads\/2025\/09\/\u4e3b\u56fe-4-4-768x768.png 768w, https:\/\/tpsonpower.com\/wp-content\/uploads\/2025\/09\/\u4e3b\u56fe-4-4.png 1500w\" sizes=\"(max-width: 800px) 100vw, 800px\" title=\"\">\t\t\t\t\t\t\t\t<\/a>\n\t\t\t\t\t\t\t\t\t\t\t\t\t\t\t<\/div>\n\t\t\t\t<div class=\"elementor-element elementor-element-da0cf03 elementor-widget elementor-widget-heading\" data-id=\"da0cf03\" data-element_type=\"widget\" data-e-type=\"widget\" data-widget_type=\"heading.default\">\n\t\t\t\t\t<h6 class=\"elementor-heading-title elementor-size-default\"><a href=\"https:\/\/tpsonpower.com\/portable-dc-ev-charger\/\">Tragbares DC eV-Ladeger\u00e4t<\/a><\/h6>\t\t\t\t<\/div>\n\t\t\t\t<\/div>\n\t\t\t\t<\/div>\n\t\t<div class=\"elementor-element elementor-element-a7f4236 e-con-full e-flex e-con e-child\" data-id=\"a7f4236\" data-element_type=\"container\" data-e-type=\"container\">\n\t\t<div class=\"elementor-element elementor-element-a72160e e-con-full e-flex e-con e-child\" data-id=\"a72160e\" data-element_type=\"container\" data-e-type=\"container\">\n\t\t\t\t<\/div>\n\t\t\t\t<\/div>\n\t\t<div class=\"elementor-element elementor-element-1216747 e-con-full e-flex e-con e-child\" data-id=\"1216747\" data-element_type=\"container\" data-e-type=\"container\">\n\t\t\t\t<\/div>\n\t\t<div class=\"elementor-element elementor-element-454cad5 e-con-full e-flex e-con e-child\" data-id=\"454cad5\" data-element_type=\"container\" data-e-type=\"container\">\n\t\t\t\t<\/div>\n\t\t\t\t\t<\/div>\n\t\t\t\t<\/div>\n\t\t<div class=\"elementor-element elementor-element-7afa8c5 e-flex e-con-boxed e-con e-parent\" data-id=\"7afa8c5\" data-element_type=\"container\" data-e-type=\"container\">\n\t\t\t\t\t<div class=\"e-con-inner\">\n\t\t<div class=\"elementor-element elementor-element-969b30b e-con-full e-flex e-con e-child\" data-id=\"969b30b\" data-element_type=\"container\" data-e-type=\"container\">\n\t\t\t\t<div class=\"elementor-element elementor-element-6bc67f0 elementor-widget elementor-widget-heading\" data-id=\"6bc67f0\" data-element_type=\"widget\" data-e-type=\"widget\" data-widget_type=\"heading.default\">\n\t\t\t\t\t<h2 class=\"elementor-heading-title elementor-size-default\">EV-Ladezubeh\u00f6r<\/h2>\t\t\t\t<\/div>\n\t\t\t\t<\/div>\n\t\t\t\t\t<\/div>\n\t\t\t\t<\/div>\n\t\t<div class=\"elementor-element elementor-element-1085b40 e-flex e-con-boxed e-con e-parent\" data-id=\"1085b40\" data-element_type=\"container\" data-e-type=\"container\">\n\t\t\t\t\t<div class=\"e-con-inner\">\n\t\t<div class=\"elementor-element elementor-element-6f2a460 e-con-full e-flex e-con e-child\" data-id=\"6f2a460\" data-element_type=\"container\" data-e-type=\"container\">\n\t\t<div class=\"elementor-element elementor-element-1f6e70c e-con-full e-flex e-con e-child\" data-id=\"1f6e70c\" data-element_type=\"container\" data-e-type=\"container\">\n\t\t\t\t<div class=\"elementor-element elementor-element-4925e47 elementor-widget elementor-widget-image\" data-id=\"4925e47\" data-element_type=\"widget\" data-e-type=\"widget\" data-widget_type=\"image.default\">\n\t\t\t\t\t\t\t\t\t\t\t\t\t\t\t\t<a href=\"https:\/\/tpsonpower.com\/type-2-to-type-1-charging-cable\">\n\t\t\t\t\t\t\t<img loading=\"lazy\" decoding=\"async\" width=\"800\" height=\"800\" src=\"https:\/\/tpsonpower.com\/wp-content\/uploads\/2025\/09\/\u4e3b\u56fe-3-5-1024x1024.png\" class=\"attachment-large size-large wp-image-1089\" alt=\"Tragbares EV-Kabel Typ 2 nach J1772\" srcset=\"https:\/\/tpsonpower.com\/wp-content\/uploads\/2025\/09\/\u4e3b\u56fe-3-5-1024x1024.png 1024w, https:\/\/tpsonpower.com\/wp-content\/uploads\/2025\/09\/\u4e3b\u56fe-3-5-300x300.png 300w, https:\/\/tpsonpower.com\/wp-content\/uploads\/2025\/09\/\u4e3b\u56fe-3-5-150x150.png 150w, https:\/\/tpsonpower.com\/wp-content\/uploads\/2025\/09\/\u4e3b\u56fe-3-5-768x768.png 768w, https:\/\/tpsonpower.com\/wp-content\/uploads\/2025\/09\/\u4e3b\u56fe-3-5.png 1500w\" sizes=\"(max-width: 800px) 100vw, 800px\" title=\"\">\t\t\t\t\t\t\t\t<\/a>\n\t\t\t\t\t\t\t\t\t\t\t\t\t\t\t<\/div>\n\t\t\t\t<div class=\"elementor-element elementor-element-86b035a elementor-widget elementor-widget-heading\" data-id=\"86b035a\" data-element_type=\"widget\" data-e-type=\"widget\" data-widget_type=\"heading.default\">\n\t\t\t\t\t<h6 class=\"elementor-heading-title elementor-size-default\"><a href=\"https:\/\/tpsonpower.com\/type-2-to-type-1-charging-cable\">Typ 2 auf Typ 1 Ladekabel<\/a><\/h6>\t\t\t\t<\/div>\n\t\t\t\t<\/div>\n\t\t\t\t<\/div>\n\t\t<div class=\"elementor-element elementor-element-de041e2 e-con-full e-flex e-con e-child\" data-id=\"de041e2\" data-element_type=\"container\" data-e-type=\"container\">\n\t\t<div class=\"elementor-element elementor-element-b8db1dc e-con-full e-flex e-con e-child\" data-id=\"b8db1dc\" data-element_type=\"container\" data-e-type=\"container\">\n\t\t\t\t<div class=\"elementor-element elementor-element-bbf149b elementor-widget elementor-widget-image\" data-id=\"bbf149b\" data-element_type=\"widget\" data-e-type=\"widget\" data-widget_type=\"image.default\">\n\t\t\t\t\t\t\t\t\t\t\t\t\t\t\t\t<a href=\"https:\/\/tpsonpower.com\/type-2-to-type-2-charging-cable\">\n\t\t\t\t\t\t\t<img loading=\"lazy\" decoding=\"async\" width=\"800\" height=\"800\" src=\"https:\/\/tpsonpower.com\/wp-content\/uploads\/2025\/09\/\u4e3b\u56fe-3-6-1024x1024.png\" class=\"attachment-large size-large wp-image-1110\" alt=\"Tragbares Typ 2 EVSE-Kabel\" srcset=\"https:\/\/tpsonpower.com\/wp-content\/uploads\/2025\/09\/\u4e3b\u56fe-3-6-1024x1024.png 1024w, https:\/\/tpsonpower.com\/wp-content\/uploads\/2025\/09\/\u4e3b\u56fe-3-6-300x300.png 300w, https:\/\/tpsonpower.com\/wp-content\/uploads\/2025\/09\/\u4e3b\u56fe-3-6-150x150.png 150w, https:\/\/tpsonpower.com\/wp-content\/uploads\/2025\/09\/\u4e3b\u56fe-3-6-768x768.png 768w, https:\/\/tpsonpower.com\/wp-content\/uploads\/2025\/09\/\u4e3b\u56fe-3-6.png 1500w\" sizes=\"(max-width: 800px) 100vw, 800px\" title=\"\">\t\t\t\t\t\t\t\t<\/a>\n\t\t\t\t\t\t\t\t\t\t\t\t\t\t\t<\/div>\n\t\t\t\t<div class=\"elementor-element elementor-element-c968ef9 elementor-widget elementor-widget-heading\" data-id=\"c968ef9\" data-element_type=\"widget\" data-e-type=\"widget\" data-widget_type=\"heading.default\">\n\t\t\t\t\t<h6 class=\"elementor-heading-title elementor-size-default\"><a href=\"https:\/\/tpsonpower.com\/type-2-to-type-2-charging-cable\">Typ 2 auf Typ 2 Ladekabel<\/a><\/h6>\t\t\t\t<\/div>\n\t\t\t\t<\/div>\n\t\t\t\t<\/div>\n\t\t<div class=\"elementor-element elementor-element-8c9a55f e-con-full e-flex e-con e-child\" data-id=\"8c9a55f\" data-element_type=\"container\" data-e-type=\"container\">\n\t\t<div class=\"elementor-element elementor-element-628e0e4 e-con-full e-flex e-con e-child\" data-id=\"628e0e4\" data-element_type=\"container\" data-e-type=\"container\">\n\t\t\t\t<div class=\"elementor-element elementor-element-7b9e192 elementor-widget elementor-widget-image\" data-id=\"7b9e192\" data-element_type=\"widget\" data-e-type=\"widget\" data-widget_type=\"image.default\">\n\t\t\t\t\t\t\t\t\t\t\t\t\t\t\t\t<a href=\"https:\/\/tpsonpower.com\/type-2-to-gbt-charging-cable\">\n\t\t\t\t\t\t\t<img loading=\"lazy\" decoding=\"async\" width=\"800\" height=\"800\" src=\"https:\/\/tpsonpower.com\/wp-content\/uploads\/2025\/09\/\u4e3b\u56fe-3-8-1024x1024.png\" class=\"attachment-large size-large wp-image-1137\" alt=\"Typ 2 zu GB\/T EV Kabel\" srcset=\"https:\/\/tpsonpower.com\/wp-content\/uploads\/2025\/09\/\u4e3b\u56fe-3-8-1024x1024.png 1024w, https:\/\/tpsonpower.com\/wp-content\/uploads\/2025\/09\/\u4e3b\u56fe-3-8-300x300.png 300w, https:\/\/tpsonpower.com\/wp-content\/uploads\/2025\/09\/\u4e3b\u56fe-3-8-150x150.png 150w, https:\/\/tpsonpower.com\/wp-content\/uploads\/2025\/09\/\u4e3b\u56fe-3-8-768x768.png 768w, https:\/\/tpsonpower.com\/wp-content\/uploads\/2025\/09\/\u4e3b\u56fe-3-8.png 1500w\" sizes=\"(max-width: 800px) 100vw, 800px\" title=\"\">\t\t\t\t\t\t\t\t<\/a>\n\t\t\t\t\t\t\t\t\t\t\t\t\t\t\t<\/div>\n\t\t\t\t<div class=\"elementor-element elementor-element-a962c76 elementor-widget elementor-widget-heading\" data-id=\"a962c76\" data-element_type=\"widget\" data-e-type=\"widget\" data-widget_type=\"heading.default\">\n\t\t\t\t\t<h6 class=\"elementor-heading-title elementor-size-default\"><a href=\"https:\/\/tpsonpower.com\/type-2-to-gbt-charging-cable\">Typ 2 zu GBT EV-Ladekabel<\/a><\/h6>\t\t\t\t<\/div>\n\t\t\t\t<\/div>\n\t\t\t\t<\/div>\n\t\t<div class=\"elementor-element elementor-element-5908c11 e-con-full e-flex e-con e-child\" data-id=\"5908c11\" data-element_type=\"container\" data-e-type=\"container\">\n\t\t<div class=\"elementor-element elementor-element-08d959f e-con-full e-flex e-con e-child\" data-id=\"08d959f\" data-element_type=\"container\" data-e-type=\"container\">\n\t\t\t\t<div class=\"elementor-element elementor-element-926fc98 elementor-widget elementor-widget-image\" data-id=\"926fc98\" data-element_type=\"widget\" data-e-type=\"widget\" data-widget_type=\"image.default\">\n\t\t\t\t\t\t\t\t\t\t\t\t\t\t\t\t<a href=\"https:\/\/tpsonpower.com\/dynamic-load-balancing\">\n\t\t\t\t\t\t\t<img loading=\"lazy\" decoding=\"async\" width=\"600\" height=\"600\" src=\"https:\/\/tpsonpower.com\/wp-content\/uploads\/2025\/10\/AiE-1920-x-300-\u50cf\u7d20-1254-x-600-\u50cf\u7d20-600-x-600-\u50cf\u7d20-1254-x-600-\u50cf\u7d20-600-x-400-\u50cf\u7d20-2000-x-1333-\u50cf\u7d20-160-x-40-\u50cf\u7d20-1440-x-733-\u50cf\u7d20-360-x-200-\u50cf\u7d20.jpg\" class=\"attachment-large size-large wp-image-2453\" alt=\"EV-Ladeger\u00e4t mit dynamischem Lastausgleich\" srcset=\"https:\/\/tpsonpower.com\/wp-content\/uploads\/2025\/10\/AiE-1920-x-300-\u50cf\u7d20-1254-x-600-\u50cf\u7d20-600-x-600-\u50cf\u7d20-1254-x-600-\u50cf\u7d20-600-x-400-\u50cf\u7d20-2000-x-1333-\u50cf\u7d20-160-x-40-\u50cf\u7d20-1440-x-733-\u50cf\u7d20-360-x-200-\u50cf\u7d20.jpg 600w, https:\/\/tpsonpower.com\/wp-content\/uploads\/2025\/10\/AiE-1920-x-300-\u50cf\u7d20-1254-x-600-\u50cf\u7d20-600-x-600-\u50cf\u7d20-1254-x-600-\u50cf\u7d20-600-x-400-\u50cf\u7d20-2000-x-1333-\u50cf\u7d20-160-x-40-\u50cf\u7d20-1440-x-733-\u50cf\u7d20-360-x-200-\u50cf\u7d20-300x300.jpg 300w, https:\/\/tpsonpower.com\/wp-content\/uploads\/2025\/10\/AiE-1920-x-300-\u50cf\u7d20-1254-x-600-\u50cf\u7d20-600-x-600-\u50cf\u7d20-1254-x-600-\u50cf\u7d20-600-x-400-\u50cf\u7d20-2000-x-1333-\u50cf\u7d20-160-x-40-\u50cf\u7d20-1440-x-733-\u50cf\u7d20-360-x-200-\u50cf\u7d20-150x150.jpg 150w\" sizes=\"(max-width: 600px) 100vw, 600px\" title=\"\">\t\t\t\t\t\t\t\t<\/a>\n\t\t\t\t\t\t\t\t\t\t\t\t\t\t\t<\/div>\n\t\t\t\t<div class=\"elementor-element elementor-element-accab86 elementor-widget elementor-widget-heading\" data-id=\"accab86\" data-element_type=\"widget\" data-e-type=\"widget\" data-widget_type=\"heading.default\">\n\t\t\t\t\t<h6 class=\"elementor-heading-title elementor-size-default\"><a href=\"https:\/\/tpsonpower.com\/dynamic-load-balancing\">Dynamischer Lastausgleich<\/a><\/h6>\t\t\t\t<\/div>\n\t\t\t\t<\/div>\n\t\t\t\t<\/div>\n\t\t\t\t\t<\/div>\n\t\t\t\t<\/div>\n\t\t\t\t<\/div>","protected":false},"excerpt":{"rendered":"<p>EV-Ladeger\u00e4te TPSON bietet eine umfassende Palette intelligenter Elektrofahrzeug-Ladel\u00f6sungen, die auf Zuverl\u00e4ssigkeit, Effizienz und nahtlose Integration in Ihr Leben ausgelegt sind. Unsere Produktpalette umfasst vielseitige AC-Ladeger\u00e4te mit innovativem Dynamic Load Balancing zum Schutz Ihres h\u00e4uslichen Elektrosystems sowie kompakte, leistungsstarke DC-Schnellladeger\u00e4te f\u00fcr gewerbliche und Notfallanwendungen. Mit [\u2026]<\/p>","protected":false},"author":1,"featured_media":0,"parent":0,"menu_order":0,"comment_status":"closed","ping_status":"closed","template":"","meta":{"footnotes":""},"class_list":["post-1239","page","type-page","status-publish","hentry"],"_links":{"self":[{"href":"https:\/\/tpsonpower.com\/de\/wp-json\/wp\/v2\/pages\/1239","targetHints":{"allow":["GET"]}}],"collection":[{"href":"https:\/\/tpsonpower.com\/de\/wp-json\/wp\/v2\/pages"}],"about":[{"href":"https:\/\/tpsonpower.com\/de\/wp-json\/wp\/v2\/types\/page"}],"author":[{"embeddable":true,"href":"https:\/\/tpsonpower.com\/de\/wp-json\/wp\/v2\/users\/1"}],"replies":[{"embeddable":true,"href":"https:\/\/tpsonpower.com\/de\/wp-json\/wp\/v2\/comments?post=1239"}],"version-history":[{"count":0,"href":"https:\/\/tpsonpower.com\/de\/wp-json\/wp\/v2\/pages\/1239\/revisions"}],"wp:attachment":[{"href":"https:\/\/tpsonpower.com\/de\/wp-json\/wp\/v2\/media?parent=1239"}],"curies":[{"name":"wp","href":"https:\/\/api.w.org\/{rel}","templated":true}]}}