{"id":1007,"date":"2025-09-16T08:48:52","date_gmt":"2025-09-16T08:48:52","guid":{"rendered":"https:\/\/tpsonpower.com\/?page_id=1007"},"modified":"2025-09-16T11:19:27","modified_gmt":"2025-09-16T11:19:27","slug":"hapow","status":"publish","type":"page","link":"https:\/\/tpsonpower.com\/de\/hapow\/","title":{"rendered":"HAPOW"},"content":{"rendered":"<div data-elementor-type=\"wp-page\" data-elementor-id=\"1007\" class=\"elementor elementor-1007\" data-elementor-post-type=\"page\">\n\t\t\t\t\t\t<section class=\"elementor-section elementor-top-section elementor-element elementor-element-5dbe22f elementor-section-content-middle elementor-section-boxed elementor-section-height-default elementor-section-height-default\" data-id=\"5dbe22f\" data-element_type=\"section\" data-e-type=\"section\">\n\t\t\t\t\t\t<div class=\"elementor-container elementor-column-gap-default\">\n\t\t\t\t\t<div class=\"elementor-column elementor-col-50 elementor-top-column elementor-element elementor-element-1f04c64\" data-id=\"1f04c64\" data-element_type=\"column\" data-e-type=\"column\" data-settings=\"{&quot;background_background&quot;:&quot;classic&quot;}\">\n\t\t\t<div class=\"elementor-widget-wrap elementor-element-populated\">\n\t\t\t\t\t\t<div class=\"elementor-element elementor-element-7588506 elementor-widget elementor-widget-image\" data-id=\"7588506\" data-element_type=\"widget\" data-e-type=\"widget\" data-widget_type=\"image.default\">\n\t\t\t\t\t\t\t\t\t\t\t\t\t\t\t<img fetchpriority=\"high\" decoding=\"async\" width=\"800\" height=\"800\" src=\"https:\/\/tpsonpower.com\/wp-content\/uploads\/2025\/09\/\u5fae\u4fe1\u56fe\u7247_20250802211940-1024x1024.jpg\" class=\"attachment-large size-large wp-image-1014\" alt=\"\" srcset=\"https:\/\/tpsonpower.com\/wp-content\/uploads\/2025\/09\/\u5fae\u4fe1\u56fe\u7247_20250802211940-1024x1024.jpg 1024w, https:\/\/tpsonpower.com\/wp-content\/uploads\/2025\/09\/\u5fae\u4fe1\u56fe\u7247_20250802211940-300x300.jpg 300w, https:\/\/tpsonpower.com\/wp-content\/uploads\/2025\/09\/\u5fae\u4fe1\u56fe\u7247_20250802211940-150x150.jpg 150w, https:\/\/tpsonpower.com\/wp-content\/uploads\/2025\/09\/\u5fae\u4fe1\u56fe\u7247_20250802211940-768x768.jpg 768w, https:\/\/tpsonpower.com\/wp-content\/uploads\/2025\/09\/\u5fae\u4fe1\u56fe\u7247_20250802211940.jpg 1500w\" sizes=\"(max-width: 800px) 100vw, 800px\" title=\"\">\t\t\t\t\t\t\t\t\t\t\t\t\t\t\t<\/div>\n\t\t\t\t<div class=\"elementor-element elementor-element-b3e95bb elementor-widget elementor-widget-gallery\" data-id=\"b3e95bb\" data-element_type=\"widget\" data-e-type=\"widget\" data-settings=\"{&quot;columns_mobile&quot;:4,&quot;aspect_ratio&quot;:&quot;1:1&quot;,&quot;lazyload&quot;:&quot;yes&quot;,&quot;gallery_layout&quot;:&quot;grid&quot;,&quot;columns&quot;:4,&quot;columns_tablet&quot;:2,&quot;gap&quot;:{&quot;unit&quot;:&quot;px&quot;,&quot;size&quot;:10,&quot;sizes&quot;:[]},&quot;gap_tablet&quot;:{&quot;unit&quot;:&quot;px&quot;,&quot;size&quot;:10,&quot;sizes&quot;:[]},&quot;gap_mobile&quot;:{&quot;unit&quot;:&quot;px&quot;,&quot;size&quot;:10,&quot;sizes&quot;:[]},&quot;link_to&quot;:&quot;file&quot;,&quot;overlay_background&quot;:&quot;yes&quot;,&quot;content_hover_animation&quot;:&quot;fade-in&quot;}\" data-widget_type=\"gallery.default\">\n\t\t\t\t\t\t\t<div class=\"elementor-gallery__container\">\n\t\t\t\t\t\t\t<a class=\"e-gallery-item elementor-gallery-item elementor-animated-content\" href=\"https:\/\/tpsonpower.com\/wp-content\/uploads\/2025\/09\/\u5fae\u4fe1\u56fe\u7247_20250802211942.jpg\" data-elementor-open-lightbox=\"yes\" data-elementor-lightbox-slideshow=\"b3e95bb\" data-elementor-lightbox-title=\"\u5fae\u4fe1\u56fe\u7247_20250802211942\" data-e-action-hash=\"#elementor-action%3Aaction%3Dlightbox%26settings%3DeyJpZCI6MTAxNSwidXJsIjoiaHR0cHM6XC9cL3Rwc29ucG93ZXIuY29tXC93cC1jb250ZW50XC91cGxvYWRzXC8yMDI1XC8wOVwvXHU1ZmFlXHU0ZmUxXHU1NmZlXHU3MjQ3XzIwMjUwODAyMjExOTQyLmpwZyIsInNsaWRlc2hvdyI6ImIzZTk1YmIifQ%3D%3D\">\n\t\t\t\t\t<div class=\"e-gallery-image elementor-gallery-item__image\" data-thumbnail=\"https:\/\/tpsonpower.com\/wp-content\/uploads\/2025\/09\/\u5fae\u4fe1\u56fe\u7247_20250802211942-300x300.jpg\" data-width=\"300\" data-height=\"300\" aria-label=\"\" role=\"img\" ><\/div>\n\t\t\t\t\t\t\t\t\t\t\t<div class=\"elementor-gallery-item__overlay\"><\/div>\n\t\t\t\t\t\t\t\t\t\t\t\t\t\t<\/a>\n\t\t\t\t\t\t\t<a class=\"e-gallery-item elementor-gallery-item elementor-animated-content\" href=\"https:\/\/tpsonpower.com\/wp-content\/uploads\/2025\/09\/\u5fae\u4fe1\u56fe\u7247_20250802211943.jpg\" data-elementor-open-lightbox=\"yes\" data-elementor-lightbox-slideshow=\"b3e95bb\" data-elementor-lightbox-title=\"\u5fae\u4fe1\u56fe\u7247_20250802211943\" data-e-action-hash=\"#elementor-action%3Aaction%3Dlightbox%26settings%3DeyJpZCI6MTAxNiwidXJsIjoiaHR0cHM6XC9cL3Rwc29ucG93ZXIuY29tXC93cC1jb250ZW50XC91cGxvYWRzXC8yMDI1XC8wOVwvXHU1ZmFlXHU0ZmUxXHU1NmZlXHU3MjQ3XzIwMjUwODAyMjExOTQzLmpwZyIsInNsaWRlc2hvdyI6ImIzZTk1YmIifQ%3D%3D\">\n\t\t\t\t\t<div class=\"e-gallery-image elementor-gallery-item__image\" data-thumbnail=\"https:\/\/tpsonpower.com\/wp-content\/uploads\/2025\/09\/\u5fae\u4fe1\u56fe\u7247_20250802211943-300x300.jpg\" data-width=\"300\" data-height=\"300\" aria-label=\"\" role=\"img\" ><\/div>\n\t\t\t\t\t\t\t\t\t\t\t<div class=\"elementor-gallery-item__overlay\"><\/div>\n\t\t\t\t\t\t\t\t\t\t\t\t\t\t<\/a>\n\t\t\t\t\t\t\t<a class=\"e-gallery-item elementor-gallery-item elementor-animated-content\" href=\"https:\/\/tpsonpower.com\/wp-content\/uploads\/2025\/09\/\u5fae\u4fe1\u56fe\u7247_20250802211944.jpg\" data-elementor-open-lightbox=\"yes\" data-elementor-lightbox-slideshow=\"b3e95bb\" data-elementor-lightbox-title=\"\u5fae\u4fe1\u56fe\u7247_20250802211944\" data-e-action-hash=\"#elementor-action%3Aaction%3Dlightbox%26settings%3DeyJpZCI6MTAxNywidXJsIjoiaHR0cHM6XC9cL3Rwc29ucG93ZXIuY29tXC93cC1jb250ZW50XC91cGxvYWRzXC8yMDI1XC8wOVwvXHU1ZmFlXHU0ZmUxXHU1NmZlXHU3MjQ3XzIwMjUwODAyMjExOTQ0LmpwZyIsInNsaWRlc2hvdyI6ImIzZTk1YmIifQ%3D%3D\">\n\t\t\t\t\t<div class=\"e-gallery-image elementor-gallery-item__image\" data-thumbnail=\"https:\/\/tpsonpower.com\/wp-content\/uploads\/2025\/09\/\u5fae\u4fe1\u56fe\u7247_20250802211944-300x300.jpg\" data-width=\"300\" data-height=\"300\" aria-label=\"\" role=\"img\" ><\/div>\n\t\t\t\t\t\t\t\t\t\t\t<div class=\"elementor-gallery-item__overlay\"><\/div>\n\t\t\t\t\t\t\t\t\t\t\t\t\t\t<\/a>\n\t\t\t\t\t<\/div>\n\t\t\t\t\t<\/div>\n\t\t\t\t\t<\/div>\n\t\t<\/div>\n\t\t\t\t<div class=\"elementor-column elementor-col-50 elementor-top-column elementor-element elementor-element-a4239ec\" data-id=\"a4239ec\" data-element_type=\"column\" data-e-type=\"column\">\n\t\t\t<div class=\"elementor-widget-wrap elementor-element-populated\">\n\t\t\t\t\t\t<div class=\"elementor-element elementor-element-83459d2 elementor-widget elementor-widget-heading\" data-id=\"83459d2\" data-element_type=\"widget\" data-e-type=\"widget\" data-widget_type=\"heading.default\">\n\t\t\t\t\t<h3 class=\"elementor-heading-title elementor-size-default\">HAPOW-Ladeger\u00e4t<\/h3>\t\t\t\t<\/div>\n\t\t\t\t<div class=\"elementor-element elementor-element-c93999d elementor-widget elementor-widget-text-editor\" data-id=\"c93999d\" data-element_type=\"widget\" data-e-type=\"widget\" data-widget_type=\"text-editor.default\">\n\t\t\t\t\t\t\t\t\t<p>Das HAPOW-Ladekabel f\u00fcr Elektrofahrzeuge (EV) ist eine zuverl\u00e4ssige und effiziente L\u00f6sung f\u00fcr das Aufladen Ihres Elektrofahrzeugs. Dieses hochwertige Kabel wurde entwickelt, um die anspruchsvollen Bed\u00fcrfnisse von EV-Besitzern zu erf\u00fcllen und ein sicheres und nahtloses Ladeerlebnis zu gew\u00e4hrleisten.<\/p><p>Das HAPOW EV-Ladekabel verf\u00fcgt \u00fcber eine robuste Konstruktion mit einem langlebigen schwarzen Kabel, das verschiedenen Wetterbedingungen und h\u00e4ufigem Gebrauch standh\u00e4lt. Der Stecker ist ergonomisch geformt f\u00fcr eine einfache Handhabung und eine sichere Verbindung mit dem Ladeanschluss Ihres Fahrzeugs. Es unterst\u00fctzt Typ-2-Stecker, die in vielen Elektrofahrzeugen verwendet werden, und ist daher mit einer Vielzahl von Modellen kompatibel.<\/p><p>\u00a0<\/p>\t\t\t\t\t\t\t\t<\/div>\n\t\t\t\t\t<\/div>\n\t\t<\/div>\n\t\t\t\t\t<\/div>\n\t\t<\/section>\n\t\t<div class=\"elementor-element elementor-element-fff5e7d e-flex e-con-boxed e-con e-parent\" data-id=\"fff5e7d\" data-element_type=\"container\" data-e-type=\"container\">\n\t\t\t\t\t<div class=\"e-con-inner\">\n\t\t<div class=\"elementor-element elementor-element-3b9bdd8 e-con-full e-flex e-con e-child\" data-id=\"3b9bdd8\" data-element_type=\"container\" data-e-type=\"container\">\n\t\t<div class=\"elementor-element elementor-element-7791e96 e-con-full e-flex e-con e-child\" data-id=\"7791e96\" data-element_type=\"container\" data-e-type=\"container\">\n\t\t\t\t<div class=\"elementor-element elementor-element-e4b7195 elementor-widget elementor-widget-heading\" data-id=\"e4b7195\" data-element_type=\"widget\" data-e-type=\"widget\" data-widget_type=\"heading.default\">\n\t\t\t\t\t<h4 class=\"elementor-heading-title elementor-size-default\">HAPOW-Ladeger\u00e4t<\/h4>\t\t\t\t<\/div>\n\t\t\t\t<div class=\"elementor-element elementor-element-0704872 elementor-widget elementor-widget-text-editor\" data-id=\"0704872\" data-element_type=\"widget\" data-e-type=\"widget\" data-widget_type=\"text-editor.default\">\n\t\t\t\t\t\t\t\t\t<p>Durch die Zertifizierung nach CE-, RoHS-, FC- und UKCA-Normen erf\u00fcllt dieses Produkt die internationalen Sicherheits- und Umweltvorschriften und garantiert so seine Zuverl\u00e4ssigkeit und Leistung. Das Kabel verf\u00fcgt au\u00dferdem \u00fcber fortschrittliche Sicherheitsfunktionen wie \u00dcberstromschutz und Temperatur\u00fcberwachung, um \u00dcberhitzung zu vermeiden und einen sicheren Ladevorgang zu gew\u00e4hrleisten<\/p>\t\t\t\t\t\t\t\t<\/div>\n\t\t\t\t<div class=\"elementor-element elementor-element-e81a621 elementor-widget elementor-widget-heading\" data-id=\"e81a621\" data-element_type=\"widget\" data-e-type=\"widget\" data-widget_type=\"heading.default\">\n\t\t\t\t\t<h4 class=\"elementor-heading-title elementor-size-default\">Hauptmerkmale aller Versionen<\/h4>\t\t\t\t<\/div>\n\t\t\t\t<div class=\"elementor-element elementor-element-41254f5 elementor-widget elementor-widget-text-editor\" data-id=\"41254f5\" data-element_type=\"widget\" data-e-type=\"widget\" data-widget_type=\"text-editor.default\">\n\t\t\t\t\t\t\t\t\t<p>Ob Sie zu Hause oder unterwegs sind, das HAPOW EV-Ladekabel bietet den Komfort und die Effizienz, die Sie brauchen, um Ihr Elektrofahrzeug mit Strom zu versorgen und f\u00fcr die Stra\u00dfe bereit zu halten. Investieren Sie in Qualit\u00e4t und Zuverl\u00e4ssigkeit mit HAPOW - Ihrem zuverl\u00e4ssigen Partner f\u00fcr EV-Ladel\u00f6sungen.<\/p>\t\t\t\t\t\t\t\t<\/div>\n\t\t\t\t<div class=\"elementor-element elementor-element-e89fd1d elementor-widget elementor-widget-heading\" data-id=\"e89fd1d\" data-element_type=\"widget\" data-e-type=\"widget\" data-widget_type=\"heading.default\">\n\t\t\t\t\t<h4 class=\"elementor-heading-title elementor-size-default\">Verschiedene Funktionen f\u00fcr jeden Bedarf<\/h4>\t\t\t\t<\/div>\n\t\t<div class=\"elementor-element elementor-element-cf0fdc6 e-grid e-con-full e-con e-child\" data-id=\"cf0fdc6\" data-element_type=\"container\" data-e-type=\"container\">\n\t\t<div class=\"elementor-element elementor-element-cd1865d e-con-full e-flex e-con e-child\" data-id=\"cd1865d\" data-element_type=\"container\" data-e-type=\"container\">\n\t\t\t\t<div class=\"elementor-element elementor-element-23617c4 elementor-widget elementor-widget-heading\" data-id=\"23617c4\" data-element_type=\"widget\" data-e-type=\"widget\" data-widget_type=\"heading.default\">\n\t\t\t\t\t<h6 class=\"elementor-heading-title elementor-size-default\">Grundlegende Version<\/h6>\t\t\t\t<\/div>\n\t\t\t\t<div class=\"elementor-element elementor-element-a7ac169 elementor-widget elementor-widget-text-editor\" data-id=\"a7ac169\" data-element_type=\"widget\" data-e-type=\"widget\" data-widget_type=\"text-editor.default\">\n\t\t\t\t\t\t\t\t\t<p>Das Basis-EV-Ladeger\u00e4t ist f\u00fcr den Heimgebrauch geeignet. Es ist benutzerfreundlich, einfach zu installieren, stabil in der Leistung und hat einen kompletten Schutzmechanismus. Es ist mit jedem Elektrofahrzeug kompatibel. Das LCD-Display kann den detaillierten Ladestatus anzeigen.<\/p>\t\t\t\t\t\t\t\t<\/div>\n\t\t\t\t<\/div>\n\t\t<div class=\"elementor-element elementor-element-1f64713 e-con-full e-flex e-con e-child\" data-id=\"1f64713\" data-element_type=\"container\" data-e-type=\"container\">\n\t\t\t\t<div class=\"elementor-element elementor-element-631de5b elementor-widget elementor-widget-image\" data-id=\"631de5b\" data-element_type=\"widget\" data-e-type=\"widget\" data-widget_type=\"image.default\">\n\t\t\t\t\t\t\t\t\t\t\t\t\t\t\t<img decoding=\"async\" width=\"800\" height=\"800\" src=\"https:\/\/tpsonpower.com\/wp-content\/uploads\/2025\/09\/\u5fae\u4fe1\u56fe\u7247_20250802211944-1024x1024.jpg\" class=\"attachment-large size-large wp-image-1017\" alt=\"\" srcset=\"https:\/\/tpsonpower.com\/wp-content\/uploads\/2025\/09\/\u5fae\u4fe1\u56fe\u7247_20250802211944-1024x1024.jpg 1024w, https:\/\/tpsonpower.com\/wp-content\/uploads\/2025\/09\/\u5fae\u4fe1\u56fe\u7247_20250802211944-300x300.jpg 300w, https:\/\/tpsonpower.com\/wp-content\/uploads\/2025\/09\/\u5fae\u4fe1\u56fe\u7247_20250802211944-150x150.jpg 150w, https:\/\/tpsonpower.com\/wp-content\/uploads\/2025\/09\/\u5fae\u4fe1\u56fe\u7247_20250802211944-768x768.jpg 768w, https:\/\/tpsonpower.com\/wp-content\/uploads\/2025\/09\/\u5fae\u4fe1\u56fe\u7247_20250802211944.jpg 1500w\" sizes=\"(max-width: 800px) 100vw, 800px\" title=\"\">\t\t\t\t\t\t\t\t\t\t\t\t\t\t\t<\/div>\n\t\t\t\t<\/div>\n\t\t<div class=\"elementor-element elementor-element-04ecf8f e-con-full e-flex e-con e-child\" data-id=\"04ecf8f\" data-element_type=\"container\" data-e-type=\"container\">\n\t\t\t\t<div class=\"elementor-element elementor-element-4071524 elementor-widget elementor-widget-image\" data-id=\"4071524\" data-element_type=\"widget\" data-e-type=\"widget\" data-widget_type=\"image.default\">\n\t\t\t\t\t\t\t\t\t\t\t\t\t\t\t<img decoding=\"async\" width=\"800\" height=\"800\" src=\"https:\/\/tpsonpower.com\/wp-content\/uploads\/2025\/09\/\u5fae\u4fe1\u56fe\u7247_20250802211943-1024x1024.jpg\" class=\"attachment-large size-large wp-image-1016\" alt=\"\" srcset=\"https:\/\/tpsonpower.com\/wp-content\/uploads\/2025\/09\/\u5fae\u4fe1\u56fe\u7247_20250802211943-1024x1024.jpg 1024w, https:\/\/tpsonpower.com\/wp-content\/uploads\/2025\/09\/\u5fae\u4fe1\u56fe\u7247_20250802211943-300x300.jpg 300w, https:\/\/tpsonpower.com\/wp-content\/uploads\/2025\/09\/\u5fae\u4fe1\u56fe\u7247_20250802211943-150x150.jpg 150w, https:\/\/tpsonpower.com\/wp-content\/uploads\/2025\/09\/\u5fae\u4fe1\u56fe\u7247_20250802211943-768x768.jpg 768w, https:\/\/tpsonpower.com\/wp-content\/uploads\/2025\/09\/\u5fae\u4fe1\u56fe\u7247_20250802211943.jpg 1500w\" sizes=\"(max-width: 800px) 100vw, 800px\" title=\"\">\t\t\t\t\t\t\t\t\t\t\t\t\t\t\t<\/div>\n\t\t\t\t<\/div>\n\t\t<div class=\"elementor-element elementor-element-5cadb43 e-con-full e-flex e-con e-child\" data-id=\"5cadb43\" data-element_type=\"container\" data-e-type=\"container\">\n\t\t\t\t<div class=\"elementor-element elementor-element-8b671f2 elementor-widget elementor-widget-heading\" data-id=\"8b671f2\" data-element_type=\"widget\" data-e-type=\"widget\" data-widget_type=\"heading.default\">\n\t\t\t\t\t<h6 class=\"elementor-heading-title elementor-size-default\">App Control Version<\/h6>\t\t\t\t<\/div>\n\t\t\t\t<div class=\"elementor-element elementor-element-a0401ee elementor-widget elementor-widget-text-editor\" data-id=\"a0401ee\" data-element_type=\"widget\" data-e-type=\"widget\" data-widget_type=\"text-editor.default\">\n\t\t\t\t\t\t\t\t\t<p>Diese EV-Ladestation kann nahtlos mit einer intelligenten App zusammenarbeiten, mit der Sie ganz einfach Ladezeiten und -dauer einstellen k\u00f6nnen. Au\u00dferdem k\u00f6nnen Sie \u00fcber die App jederzeit Ihren kompletten Ladeverlauf einsehen.<\/p>\t\t\t\t\t\t\t\t<\/div>\n\t\t\t\t<\/div>\n\t\t<div class=\"elementor-element elementor-element-085ea04 e-con-full e-flex e-con e-child\" data-id=\"085ea04\" data-element_type=\"container\" data-e-type=\"container\">\n\t\t\t\t<div class=\"elementor-element elementor-element-6bee7d8 elementor-widget elementor-widget-heading\" data-id=\"6bee7d8\" data-element_type=\"widget\" data-e-type=\"widget\" data-widget_type=\"heading.default\">\n\t\t\t\t\t<h6 class=\"elementor-heading-title elementor-size-default\">Version mit RFID-Kartendurchzug<\/h6>\t\t\t\t<\/div>\n\t\t\t\t<div class=\"elementor-element elementor-element-46cd004 elementor-widget elementor-widget-text-editor\" data-id=\"46cd004\" data-element_type=\"widget\" data-e-type=\"widget\" data-widget_type=\"text-editor.default\">\n\t\t\t\t\t\t\t\t\t<p>Die RFID-EV-Ladestation eignet sich sowohl f\u00fcr das Laden im Innen- als auch im Au\u00dfenbereich. Mit unserer kompakten RFID-Karte k\u00f6nnen Sie den Ladevorgang starten oder stoppen und verhindern, dass Unbefugte Ihre Ladestation benutzen.<\/p>\t\t\t\t\t\t\t\t<\/div>\n\t\t\t\t<\/div>\n\t\t<div class=\"elementor-element elementor-element-9980636 e-con-full e-flex e-con e-child\" data-id=\"9980636\" data-element_type=\"container\" data-e-type=\"container\">\n\t\t\t\t<div class=\"elementor-element elementor-element-e59b8c7 elementor-widget elementor-widget-image\" data-id=\"e59b8c7\" data-element_type=\"widget\" data-e-type=\"widget\" data-widget_type=\"image.default\">\n\t\t\t\t\t\t\t\t\t\t\t\t\t\t\t<img loading=\"lazy\" decoding=\"async\" width=\"800\" height=\"800\" src=\"https:\/\/tpsonpower.com\/wp-content\/uploads\/2025\/09\/\u5fae\u4fe1\u56fe\u7247_20250802211942-1024x1024.jpg\" class=\"attachment-large size-large wp-image-1015\" alt=\"\" srcset=\"https:\/\/tpsonpower.com\/wp-content\/uploads\/2025\/09\/\u5fae\u4fe1\u56fe\u7247_20250802211942-1024x1024.jpg 1024w, https:\/\/tpsonpower.com\/wp-content\/uploads\/2025\/09\/\u5fae\u4fe1\u56fe\u7247_20250802211942-300x300.jpg 300w, https:\/\/tpsonpower.com\/wp-content\/uploads\/2025\/09\/\u5fae\u4fe1\u56fe\u7247_20250802211942-150x150.jpg 150w, https:\/\/tpsonpower.com\/wp-content\/uploads\/2025\/09\/\u5fae\u4fe1\u56fe\u7247_20250802211942-768x768.jpg 768w, https:\/\/tpsonpower.com\/wp-content\/uploads\/2025\/09\/\u5fae\u4fe1\u56fe\u7247_20250802211942.jpg 1500w\" sizes=\"(max-width: 800px) 100vw, 800px\" title=\"\">\t\t\t\t\t\t\t\t\t\t\t\t\t\t\t<\/div>\n\t\t\t\t<\/div>\n\t\t\t\t<\/div>\n\t\t\t\t<\/div>\n\t\t\t\t<div class=\"elementor-element elementor-element-9c932e5 elementor-widget elementor-widget-image\" data-id=\"9c932e5\" data-element_type=\"widget\" data-e-type=\"widget\" data-widget_type=\"image.default\">\n\t\t\t\t\t\t\t\t\t\t\t\t\t\t\t<img loading=\"lazy\" decoding=\"async\" width=\"800\" height=\"429\" src=\"https:\/\/tpsonpower.com\/wp-content\/uploads\/2025\/09\/\u5236\u4f5c\u8fc7\u7a0b1.png\" class=\"attachment-large size-large wp-image-737\" alt=\"TPSON EV-Ladestation Herstellungsprozess\" srcset=\"https:\/\/tpsonpower.com\/wp-content\/uploads\/2025\/09\/\u5236\u4f5c\u8fc7\u7a0b1.png 865w, https:\/\/tpsonpower.com\/wp-content\/uploads\/2025\/09\/\u5236\u4f5c\u8fc7\u7a0b1-300x161.png 300w, https:\/\/tpsonpower.com\/wp-content\/uploads\/2025\/09\/\u5236\u4f5c\u8fc7\u7a0b1-768x412.png 768w\" sizes=\"(max-width: 800px) 100vw, 800px\" title=\"\">\t\t\t\t\t\t\t\t\t\t\t\t\t\t\t<\/div>\n\t\t\t\t<\/div>\n\t\t\t\t\t<\/div>\n\t\t\t\t<\/div>\n\t\t\t\t<\/div>","protected":false},"excerpt":{"rendered":"<p>HAPOW charger Introducing the HAPOW Electric Vehicle (EV) Charging Cable, a reliable and efficient solution for charging your electric vehicle. This high-quality cable is designed to meet the demanding needs of EV owners, ensuring a safe and seamless charging experience. The HAPOW EV charging cable features a robust construction with a durable black cable that [&hellip;]<\/p>","protected":false},"author":1,"featured_media":0,"parent":0,"menu_order":0,"comment_status":"closed","ping_status":"closed","template":"","meta":{"footnotes":""},"class_list":["post-1007","page","type-page","status-publish","hentry"],"_links":{"self":[{"href":"https:\/\/tpsonpower.com\/de\/wp-json\/wp\/v2\/pages\/1007","targetHints":{"allow":["GET"]}}],"collection":[{"href":"https:\/\/tpsonpower.com\/de\/wp-json\/wp\/v2\/pages"}],"about":[{"href":"https:\/\/tpsonpower.com\/de\/wp-json\/wp\/v2\/types\/page"}],"author":[{"embeddable":true,"href":"https:\/\/tpsonpower.com\/de\/wp-json\/wp\/v2\/users\/1"}],"replies":[{"embeddable":true,"href":"https:\/\/tpsonpower.com\/de\/wp-json\/wp\/v2\/comments?post=1007"}],"version-history":[{"count":0,"href":"https:\/\/tpsonpower.com\/de\/wp-json\/wp\/v2\/pages\/1007\/revisions"}],"wp:attachment":[{"href":"https:\/\/tpsonpower.com\/de\/wp-json\/wp\/v2\/media?parent=1007"}],"curies":[{"name":"wp","href":"https:\/\/api.w.org\/{rel}","templated":true}]}}